{"id":1314,"date":"2020-04-30T13:55:39","date_gmt":"2020-04-30T11:55:39","guid":{"rendered":"https:\/\/bulasa.provisoire.ch\/?page_id=1314"},"modified":"2023-10-23T15:55:24","modified_gmt":"2023-10-23T13:55:24","slug":"conference-educations","status":"publish","type":"page","link":"https:\/\/bula-v2024.provisoire.ch\/en\/solutions-pro\/conference-educations\/","title":{"rendered":"Conference \u2013 education"},"content":{"rendered":"<p class=\"has-text-align-center\" style=\"font-size:25px\">Our team of professionals has extensive experience in the installation and maintenance of professional audio and video projection systems.<\/p>\n\n\n\n<p class=\"has-text-align-center has-medium-font-size\">We advise you on cutting-edge technologies and solutions for conference rooms, team meetings, school teaching or workshops.<\/p>\n\n\n\n<p class=\"has-text-align-center has-medium-font-size\">With, among others, brands such as&nbsp;<strong>Legamaster<\/strong>, <strong>barco<\/strong>, <strong>Kindermann<\/strong>, <strong>panasonic<\/strong>, <strong>Bluestream<\/strong>, <strong>audacity<\/strong>, <strong>Bose<\/strong>, <strong>EliteScreen<\/strong>, <strong>Lumene<\/strong>, we have a range of possibilities and solutions to carry out your project.<\/p>\n\n\n\n<p class=\"has-medium-font-size\"><\/p>\n\n\n<!-- Final Tiles Grid Gallery for WordPress v3.6.13 free --><style>#ftg-2626 .tile .icon { color:#ffffff; }#ftg-2626 .ftg-items .loading-bar i { background:#666; }#ftg-2626 .ftg-items .loading-bar { background:#fff; }#ftg-2626 .tile .icon { font-size:12px; }#ftg-2626 .tile .icon { margin: -6px 0 0 -6px; }#ftg-2626 .tile .caption-block .text-wrapper span.text { font-size:14px; }#ftg-2626 .tile .caption-outside .text-wrapper span.text { font-size:14px; }#ftg-2626 .tile .caption-block .text-wrapper span.title { font-size:20px; }#ftg-2626 .tile .caption-outside .text-wrapper span.title { font-size:20px; }#ftg-2626 .tile { background-color: transparent; }#ftg-2626 .tile .caption-block .text-wrapper span.text { color: #ffffff; }#ftg-2626 .tile .caption-block .text-wrapper span.title { color: #ffffff; }#ftg-2626 .tile .caption-outside .text-wrapper span.text { color: #ffffff; }#ftg-2626 .tile .caption-outside .text-wrapper span.title { color: #ffffff; }#ftg-2626 .tile .ftg-social a { color: #ffffff; }#ftg-2626 .tile .caption-block { transition-timing-function:ease; }#ftg-2626 .tile .caption-block { transition-duration:0.25s; }#ftg-2626 .tile .tile-inner:before { background-color: #000000; }#ftg-2626 .tile .tile-inner:before { background-color: rgba(0, 0, 0, 0.8); }#ftg-2626 .tile:hover img {-moz-transform: -moz-rotate(0deg) -moz-scale(0) ;-webkit-transform: -webkit-rotate(0deg) -webkit-scale(0) ;-o-transform: -o-rotate(0deg) -o-scale(0) ;-ms-transform: -ms-rotate(0deg) -ms-scale(0) ;transform: rotate(0deg) scale(0) ;}<\/style><a name=\"26\"><\/a><div class=\"final-tiles-gallery  ftg-hover-enabled caption-inside  caption-none caption-middle caption-center\" id=\"ftg-2626\" style=\"width: 100%\"><div class='ftg-items'><div class='loading-bar'><i><\/i><\/div><div  class='tile ftg-preload'><a title=\"Long conference room\" data-lightbox='ftg-2626' rel='ftg-2626'  class='tile-inner  ftg-lightbox' href='https:\/\/bula-v2024.provisoire.ch\/wp-content\/uploads\/2023\/02\/Conf_.jpg' ><img alt='Long conference room' class='item skip-lazy' data-class='item' data-ftg-source='https:\/\/bula-v2024.provisoire.ch\/wp-content\/uploads\/2023\/02\/Conf_-1024x398.jpg' src='https:\/\/bula-v2024.provisoire.ch\/wp-content\/uploads\/2023\/02\/Conf_-1024x398.jpg' width='750' height='292' \/><div class='caption-block'><div class='text-wrapper'><span class='title'>Long conference room<\/span><span class='text'>Panasonic Laser Projector 5200 lumens - Sony 65&quot; pro screen 24\/7 - ARES active speaker system - Airserver system and Bluestream video management<\/span><\/div><\/div><\/a><div class='ftg-social'><\/div><\/div><div  class='tile ftg-preload'><a title=\"Legamaster touch screen\" data-lightbox='ftg-2626' rel='ftg-2626'  class='tile-inner  ftg-lightbox' href='https:\/\/bula-v2024.provisoire.ch\/wp-content\/uploads\/2023\/02\/Conf_-2.jpg' ><img alt='Legamaster touch screen' class='item skip-lazy' data-class='item' data-ftg-source='https:\/\/bula-v2024.provisoire.ch\/wp-content\/uploads\/2023\/02\/Conf_-2-1024x576.jpg' src='https:\/\/bula-v2024.provisoire.ch\/wp-content\/uploads\/2023\/02\/Conf_-2-1024x576.jpg' width='750' height='422' \/><div class='caption-block'><div class='text-wrapper'><span class='title'>Legamaster touch screen<\/span><span class='text'>75&quot; Legamaster touch screen with android 8.1 with soundbar <\/span><\/div><\/div><\/a><div class='ftg-social'><\/div><\/div><div  class='tile ftg-preload'><a title=\"Conference room\" data-lightbox='ftg-2626' rel='ftg-2626'  class='tile-inner  ftg-lightbox' href='https:\/\/bula-v2024.provisoire.ch\/wp-content\/uploads\/2023\/02\/Conf_-5.jpg' ><img alt='Conference room' class='item skip-lazy' data-class='item' data-ftg-source='https:\/\/bula-v2024.provisoire.ch\/wp-content\/uploads\/2023\/02\/Conf_-5-1024x577.jpg' src='https:\/\/bula-v2024.provisoire.ch\/wp-content\/uploads\/2023\/02\/Conf_-5-1024x577.jpg' width='750' height='423' \/><div class='caption-block'><div class='text-wrapper'><span class='title'>Conference room<\/span><span class='text'>Panasonic 8000 ANSI lumens laser projector with a wide angle lens - Fixed screen on frame, matt white canvas, hidden frame 350\/219 16\/10 - Bose audio - Sennheiser microphone<\/span><\/div><\/div><\/a><div class='ftg-social'><\/div><\/div><div  class='tile ftg-preload'><a title=\"Conference room \" data-lightbox='ftg-2626' rel='ftg-2626'  class='tile-inner  ftg-lightbox' href='https:\/\/bula-v2024.provisoire.ch\/wp-content\/uploads\/2023\/02\/Conf_-4.jpg' ><img alt='Conference room ' class='item skip-lazy' data-class='item' data-ftg-source='https:\/\/bula-v2024.provisoire.ch\/wp-content\/uploads\/2023\/02\/Conf_-4-1024x577.jpg' src='https:\/\/bula-v2024.provisoire.ch\/wp-content\/uploads\/2023\/02\/Conf_-4-1024x577.jpg' width='750' height='423' \/><div class='caption-block'><div class='text-wrapper'><span class='title'>Conference room <\/span><span class='text'>Room fully equipped with home automation. Sound, image, light, blind, etc.<\/span><\/div><\/div><\/a><div class='ftg-social'><\/div><\/div><div  class='tile ftg-preload'><a title=\"Conference room with Legamaster touch screen\" data-lightbox='ftg-2626' rel='ftg-2626'  class='tile-inner  ftg-lightbox' href='https:\/\/bula-v2024.provisoire.ch\/wp-content\/uploads\/2023\/02\/Conf_-1.jpg' ><img alt='Conference room with Legamaster touch screen' class='item skip-lazy' data-class='item' data-ftg-source='https:\/\/bula-v2024.provisoire.ch\/wp-content\/uploads\/2023\/02\/Conf_-1-1024x628.jpg' src='https:\/\/bula-v2024.provisoire.ch\/wp-content\/uploads\/2023\/02\/Conf_-1-1024x628.jpg' width='750' height='460' \/><div class='caption-block'><div class='text-wrapper'><span class='title'>Conference room with Legamaster touch screen<\/span><\/div><\/div><\/a><div class='ftg-social'><\/div><\/div><div  class='tile ftg-preload'><a title=\"Conference room\" data-lightbox='ftg-2626' rel='ftg-2626'  class='tile-inner  ftg-lightbox' href='https:\/\/bula-v2024.provisoire.ch\/wp-content\/uploads\/2023\/10\/IMG_4935.jpg' ><img alt='Conference room' class='item skip-lazy' data-class='item' data-ftg-source='https:\/\/bula-v2024.provisoire.ch\/wp-content\/uploads\/2023\/10\/IMG_4935-1024x768.jpg' src='https:\/\/bula-v2024.provisoire.ch\/wp-content\/uploads\/2023\/10\/IMG_4935-1024x768.jpg' width='750' height='563' \/><div class='caption-block'><div class='text-wrapper'><span class='title'>Conference room<\/span><span class='text'>Panasonic 8000 ANSI Lumens Laser Projector with Wide Angle Lens - Bose Audio, Sennheiser Microphone, Bluestream Matrix<\/span><\/div><\/div><\/a><div class='ftg-social'><\/div><\/div><\/div><\/div>\n\n\n\n<hr class=\"wp-block-separator aligncenter has-alpha-channel-opacity is-style-wide\"\/>\n\n\n\n<div style=\"height:50px\" aria-hidden=\"true\" class=\"wp-block-spacer\"><\/div>\n\n\n\n<div class=\"wp-block-buttons is-content-justification-center is-layout-flex wp-container-core-buttons-is-layout-1 wp-block-buttons-is-layout-flex\">\n<div class=\"wp-block-button has-custom-font-size\" style=\"font-size:16px\"><a class=\"wp-block-button__link has-black-background-color has-background wp-element-button\" href=\"https:\/\/bula-v2024.provisoire.ch\/en\/our-achievements\/\" style=\"border-radius:7px\">See other achievements<\/a><\/div>\n<\/div>\n\n\n\n<div style=\"height:33px\" aria-hidden=\"true\" class=\"wp-block-spacer\"><\/div>","protected":false},"excerpt":{"rendered":"<p>Notre \u00e9quipe de professionnels poss\u00e8de une grande exp\u00e9rience dans l\u2019installation et la maintenance des syst\u00e8mes professionnels audio et de projection vid\u00e9o. Nous\u00a0 vous conseillons sur les technologies et les solutions de pointe pour les salles de conf\u00e9rences, les r\u00e9unions d&rsquo;\u00e9quipe, l\u2018enseignement scolaire ou les workshops. Avec, entre autres, des marques [&hellip;]<\/p>\n","protected":false},"author":5,"featured_media":2595,"parent":4572,"menu_order":0,"comment_status":"closed","ping_status":"closed","template":"","meta":{"_acf_changed":false,"_themeisle_gutenberg_block_has_review":false,"footnotes":""},"class_list":["post-1314","page","type-page","status-publish","has-post-thumbnail","hentry"],"acf":[],"_links":{"self":[{"href":"https:\/\/bula-v2024.provisoire.ch\/en\/wp-json\/wp\/v2\/pages\/1314"}],"collection":[{"href":"https:\/\/bula-v2024.provisoire.ch\/en\/wp-json\/wp\/v2\/pages"}],"about":[{"href":"https:\/\/bula-v2024.provisoire.ch\/en\/wp-json\/wp\/v2\/types\/page"}],"author":[{"embeddable":true,"href":"https:\/\/bula-v2024.provisoire.ch\/en\/wp-json\/wp\/v2\/users\/5"}],"replies":[{"embeddable":true,"href":"https:\/\/bula-v2024.provisoire.ch\/en\/wp-json\/wp\/v2\/comments?post=1314"}],"version-history":[{"count":47,"href":"https:\/\/bula-v2024.provisoire.ch\/en\/wp-json\/wp\/v2\/pages\/1314\/revisions"}],"predecessor-version":[{"id":5478,"href":"https:\/\/bula-v2024.provisoire.ch\/en\/wp-json\/wp\/v2\/pages\/1314\/revisions\/5478"}],"up":[{"embeddable":true,"href":"https:\/\/bula-v2024.provisoire.ch\/en\/wp-json\/wp\/v2\/pages\/4572"}],"wp:featuredmedia":[{"embeddable":true,"href":"https:\/\/bula-v2024.provisoire.ch\/en\/wp-json\/wp\/v2\/media\/2595"}],"wp:attachment":[{"href":"https:\/\/bula-v2024.provisoire.ch\/en\/wp-json\/wp\/v2\/media?parent=1314"}],"curies":[{"name":"wp","href":"https:\/\/api.w.org\/{rel}","templated":true}]}}