{"id":1405,"date":"2020-05-01T13:10:21","date_gmt":"2020-05-01T11:10:21","guid":{"rendered":"https:\/\/bulasa.provisoire.ch\/?page_id=1405"},"modified":"2023-10-23T11:44:23","modified_gmt":"2023-10-23T09:44:23","slug":"nos-marques","status":"publish","type":"page","link":"https:\/\/bula-v2024.provisoire.ch\/en\/products-and-brands\/","title":{"rendered":"Products and Brands"},"content":{"rendered":"<p class=\"has-text-align-center\" style=\"font-size:25px\"><strong>Here are the top-of-the-range brands, offered in our Moudon and Epalinges subsidiaries. <\/strong><\/p>\n\n\n\n<p class=\"has-text-align-center\" style=\"font-size:23px\"><strong>All the latest products on the market have been selected to serve you.<\/strong><\/p>\n\n\n<!-- Final Tiles Grid Gallery for WordPress v3.6.13 free --><style>#ftg-88 .tile .icon { color:#ffffff; }#ftg-88 .ftg-items .loading-bar i { background:#ffffff; }#ftg-88 .ftg-items .loading-bar { background:#fff; }#ftg-88 .tile .icon { font-size:12px; }#ftg-88 .tile .icon { margin: -6px 0 0 -6px; }#ftg-88 .tile .caption-block .text-wrapper span.text { font-size:12px; }#ftg-88 .tile .caption-outside .text-wrapper span.text { font-size:12px; }#ftg-88 .tile .caption-block .text-wrapper span.title { font-size:20px; }#ftg-88 .tile .caption-outside .text-wrapper span.title { font-size:20px; }#ftg-88 .tile { background-color: transparent; }#ftg-88 .tile .caption-block .text-wrapper span.text { color: #ffffff; }#ftg-88 .tile .caption-block .text-wrapper span.title { color: #ffffff; }#ftg-88 .tile .caption-outside .text-wrapper span.text { color: #ffffff; }#ftg-88 .tile .caption-outside .text-wrapper span.title { color: #ffffff; }#ftg-88 .tile .ftg-social a { color: #ffffff; }#ftg-88 .tile .caption-block { transition-duration:0.25s; }#ftg-88 .tile .tile-inner:before { background-color: #000000; }#ftg-88 .tile .tile-inner:before { background-color: rgba(0, 0, 0, 0.8); }#ftg-88 .tile:hover img {-moz-transform: -moz-rotate(0deg) -moz-scale(0) ;-webkit-transform: -webkit-rotate(0deg) -webkit-scale(0) ;-o-transform: -o-rotate(0deg) -o-scale(0) ;-ms-transform: -ms-rotate(0deg) -ms-scale(0) ;transform: rotate(0deg) scale(0) ;}<\/style><a name=\"8\"><\/a><div class=\"final-tiles-gallery  ftg-hover-enabled caption-inside  caption-none caption-middle caption-center\" id=\"ftg-88\" style=\"width: 100%\"><div class='ftg-items'><div class='loading-bar'><i><\/i><\/div><div  class='tile ftg-preload'><a title=\"LOEWE.\"  rel='ftg-88' target='_self' class='tile-inner' href='https:\/\/bula-v2024.provisoire.ch\/en\/products-and-brands\/loewe\/' ><img alt='LOEWE.' class='item skip-lazy' data-class='item' data-ftg-source='https:\/\/bula-v2024.provisoire.ch\/wp-content\/uploads\/2023\/05\/LOEWE-Logo.svg1_-690x370.png' src='https:\/\/bula-v2024.provisoire.ch\/wp-content\/uploads\/2023\/05\/LOEWE-Logo.svg1_-690x370.png' width='2000' height='1231' \/><div class='caption-block'><div class='text-wrapper'><span class='title'>LOEWE.<\/span><\/div><\/div><\/a><div class='ftg-social'><\/div><\/div><div  class='tile ftg-preload'><a title=\"PANASONIC\"  rel='ftg-88'  class='tile-inner' href='https:\/\/bula-v2024.provisoire.ch\/en\/products-and-brands\/panasonic\/' ><img alt='PANASONIC' class='item skip-lazy' data-class='item' data-ftg-source='https:\/\/bula-v2024.provisoire.ch\/wp-content\/uploads\/2023\/10\/Sans-titre.png' src='https:\/\/bula-v2024.provisoire.ch\/wp-content\/uploads\/2023\/10\/Sans-titre.png' width='900' height='500' \/><div class='caption-block'><div class='text-wrapper'><span class='title'>PANASONIC<\/span><\/div><\/div><\/a><div class='ftg-social'><\/div><\/div><div  class='tile ftg-preload'><a title=\"DEVIALET\"  rel='ftg-88' target='_self' class='tile-inner' href='https:\/\/bula-v2024.provisoire.ch\/en\/products-and-brands\/devialet\/' ><img alt='DEVIALET' class='item skip-lazy' data-class='item' data-ftg-source='https:\/\/bula-v2024.provisoire.ch\/wp-content\/uploads\/2020\/09\/Devialet-900x500-1-1-690x370.png' src='https:\/\/bula-v2024.provisoire.ch\/wp-content\/uploads\/2020\/09\/Devialet-900x500-1-1-690x370.png' width='900' height='500' \/><div class='caption-block'><div class='text-wrapper'><span class='title'>DEVIALET<\/span><\/div><\/div><\/a><div class='ftg-social'><\/div><\/div><div  class='tile ftg-preload'><a title=\"LG SIGNATURE\"  rel='ftg-88'  class='tile-inner' href='https:\/\/bula-v2024.provisoire.ch\/en\/lg-signature\/' ><img alt='LG SIGNATURE' class='item skip-lazy' data-class='item' data-ftg-source='https:\/\/bula-v2024.provisoire.ch\/wp-content\/uploads\/2023\/10\/Tuile-690x370-1.png' src='https:\/\/bula-v2024.provisoire.ch\/wp-content\/uploads\/2023\/10\/Tuile-690x370-1.png' width='690' height='370' \/><div class='caption-block'><div class='text-wrapper'><span class='title'>LG SIGNATURE<\/span><\/div><\/div><\/a><div class='ftg-social'><\/div><\/div><\/div><\/div>\n\n\n\n<div style=\"height:43px\" aria-hidden=\"true\" class=\"wp-block-spacer\"><\/div>\n\n\n\n<p class=\"has-text-align-center\" style=\"font-size:23px\"><strong>We are the only ones able to exhibit these brands in the same showroom<\/strong><\/p>\n\n\n\n<div style=\"height:16px\" aria-hidden=\"true\" class=\"wp-block-spacer\"><\/div>\n\n\n\n<hr class=\"wp-block-separator has-alpha-channel-opacity is-style-wide\"\/>\n\n\n\n<div style=\"height:61px\" aria-hidden=\"true\" class=\"wp-block-spacer\"><\/div>\n\n\n\n<div style=\"height:12px\" aria-hidden=\"true\" class=\"wp-block-spacer\"><\/div>\n\n\n\n<p class=\"has-text-align-center\" style=\"font-size:25px\"><strong>Our audiovisual integration products made in Switzerland.<\/strong><\/p>\n\n\n\n<p class=\"has-text-align-center\" style=\"font-size:23px\"><strong>Perfect interaction between elegant design, local product and perfect audiovisual integration<\/strong><\/p>\n\n\n<!-- Final Tiles Grid Gallery for WordPress v3.6.13 free --><style>#ftg-99 .tile .icon { color:#ffffff; }#ftg-99 .ftg-items .loading-bar i { background:#ffffff; }#ftg-99 .ftg-items .loading-bar { background:#fff; }#ftg-99 .tile .icon { font-size:12px; }#ftg-99 .tile .icon { margin: -6px 0 0 -6px; }#ftg-99 .tile .caption-block .text-wrapper span.text { font-size:12px; }#ftg-99 .tile .caption-outside .text-wrapper span.text { font-size:12px; }#ftg-99 .tile .caption-block .text-wrapper span.title { font-size:20px; }#ftg-99 .tile .caption-outside .text-wrapper span.title { font-size:20px; }#ftg-99 .tile { background-color: transparent; }#ftg-99 .tile .caption-block .text-wrapper span.text { color: #ffffff; }#ftg-99 .tile .caption-block .text-wrapper span.title { color: #ffffff; }#ftg-99 .tile .caption-outside .text-wrapper span.text { color: #ffffff; }#ftg-99 .tile .caption-outside .text-wrapper span.title { color: #ffffff; }#ftg-99 .tile .ftg-social a { color: #ffffff; }#ftg-99 .tile .caption-block { transition-duration:0.25s; }#ftg-99 .tile .tile-inner:before { background-color: #000000; }#ftg-99 .tile .tile-inner:before { background-color: rgba(0, 0, 0, 0.8); }#ftg-99 .tile:hover img {-moz-transform: -moz-rotate(0deg) -moz-scale(0) ;-webkit-transform: -webkit-rotate(0deg) -webkit-scale(0) ;-o-transform: -o-rotate(0deg) -o-scale(0) ;-ms-transform: -ms-rotate(0deg) -ms-scale(0) ;transform: rotate(0deg) scale(0) ;}<\/style><a name=\"9\"><\/a><div class=\"final-tiles-gallery  ftg-hover-enabled caption-inside  caption-none caption-middle caption-center\" id=\"ftg-99\" style=\"width: 100%\"><div class='ftg-items'><div class='loading-bar'><i><\/i><\/div><div  class='tile ftg-preload'><a title=\"ROWEN\"  rel='ftg-99' target='_self' class='tile-inner' href='https:\/\/bula-v2024.provisoire.ch\/en\/products-and-brands\/rowen\/' ><img alt='ROWEN' class='item skip-lazy' data-class='item' data-ftg-source='https:\/\/bula-v2024.provisoire.ch\/wp-content\/uploads\/2020\/08\/rowencarre-300x300.png' src='https:\/\/bula-v2024.provisoire.ch\/wp-content\/uploads\/2020\/08\/rowencarre-300x300.png' width='300' height='300' \/><div class='caption-block'><div class='text-wrapper'><span class='title'>ROWEN<\/span><\/div><\/div><\/a><div class='ftg-social'><\/div><\/div><div  class='tile ftg-preload'><a title=\"\" data-lightbox='ftg-99' rel='ftg-99' target='default' class='tile-inner  ftg-lightbox' href='https:\/\/bula-v2024.provisoire.ch\/wp-content\/uploads\/2020\/05\/drapeau-suisse-300x300.png' ><img alt='' class='item skip-lazy' data-class='item' data-ftg-source='https:\/\/bula-v2024.provisoire.ch\/wp-content\/uploads\/2020\/05\/drapeau-suisse-300x300.png' src='https:\/\/bula-v2024.provisoire.ch\/wp-content\/uploads\/2020\/05\/drapeau-suisse-300x300.png' width='300' height='300' \/><\/a><div class='ftg-social'><\/div><\/div><div  class='tile ftg-preload'><a title=\"SWISSHD\"  rel='ftg-99' target='_self' class='tile-inner' href='https:\/\/bula-v2024.provisoire.ch\/en\/products-and-brands\/swisshd\/' ><img alt='SWISSHD' class='item skip-lazy' data-class='item' data-ftg-source='https:\/\/bula-v2024.provisoire.ch\/wp-content\/uploads\/2020\/08\/swiss-hd-logo1-300x300.png' src='https:\/\/bula-v2024.provisoire.ch\/wp-content\/uploads\/2020\/08\/swiss-hd-logo1-300x300.png' width='300' height='300' \/><div class='caption-block'><div class='text-wrapper'><span class='title'>SWISSHD<\/span><\/div><\/div><\/a><div class='ftg-social'><\/div><\/div><div  class='tile ftg-preload'><a title=\"\" data-lightbox='ftg-99' rel='ftg-99' target='default' class='tile-inner  ftg-lightbox' href='https:\/\/bula-v2024.provisoire.ch\/wp-content\/uploads\/2020\/05\/drapeau-suisse-300x300.png' ><img alt='' class='item skip-lazy' data-class='item' data-ftg-source='https:\/\/bula-v2024.provisoire.ch\/wp-content\/uploads\/2020\/05\/drapeau-suisse-300x300.png' src='https:\/\/bula-v2024.provisoire.ch\/wp-content\/uploads\/2020\/05\/drapeau-suisse-300x300.png' width='300' height='300' \/><\/a><div class='ftg-social'><\/div><\/div><div  class='tile ftg-preload'><a title=\"PIEGA\"  rel='ftg-99' target='_self' class='tile-inner' href='https:\/\/bula-v2024.provisoire.ch\/en\/products-and-brands\/piega-3\/' ><img alt='PIEGA' class='item skip-lazy' data-class='item' data-ftg-source='https:\/\/bula-v2024.provisoire.ch\/wp-content\/uploads\/2020\/08\/PIEGA-300x300.png' src='https:\/\/bula-v2024.provisoire.ch\/wp-content\/uploads\/2020\/08\/PIEGA-300x300.png' width='300' height='300' \/><div class='caption-block'><div class='text-wrapper'><span class='title'>PIEGA<\/span><\/div><\/div><\/a><div class='ftg-social'><\/div><\/div><\/div><\/div>\n\n\n\n<hr class=\"wp-block-separator has-alpha-channel-opacity is-style-wide\"\/>\n\n\n\n<div style=\"height:59px\" aria-hidden=\"true\" class=\"wp-block-spacer\"><\/div>\n\n\n\n<p class=\"has-text-align-center\" style=\"font-size:23px\"><strong>We also provide<\/strong><\/p>\n\n\n<!-- Final Tiles Grid Gallery for WordPress v3.6.13 free --><style>#ftg-1212 .tile .icon { color:#ffffff; }#ftg-1212 .ftg-items .loading-bar i { background:#ffffff; }#ftg-1212 .ftg-items .loading-bar { background:#fff; }#ftg-1212 .tile .icon { font-size:12px; }#ftg-1212 .tile .icon { margin: -6px 0 0 -6px; }#ftg-1212 .tile .caption-block .text-wrapper span.text { font-size:12px; }#ftg-1212 .tile .caption-outside .text-wrapper span.text { font-size:12px; }#ftg-1212 .tile .caption-block .text-wrapper span.title { font-size:20px; }#ftg-1212 .tile .caption-outside .text-wrapper span.title { font-size:20px; }#ftg-1212 .tile { background-color: transparent; }#ftg-1212 .tile .caption-block .text-wrapper span.text { color: #ffffff; }#ftg-1212 .tile .caption-block .text-wrapper span.title { color: #ffffff; }#ftg-1212 .tile .caption-outside .text-wrapper span.text { color: #ffffff; }#ftg-1212 .tile .caption-outside .text-wrapper span.title { color: #ffffff; }#ftg-1212 .tile .ftg-social a { color: #ffffff; }#ftg-1212 .tile .caption-block { transition-duration:0.25s; }#ftg-1212 .tile .tile-inner:before { background-color: #000000; }#ftg-1212 .tile .tile-inner:before { background-color: rgba(0, 0, 0, 0.8); }#ftg-1212 .tile:hover img {-moz-transform: -moz-rotate(0deg) -moz-scale(0) ;-webkit-transform: -webkit-rotate(0deg) -webkit-scale(0) ;-o-transform: -o-rotate(0deg) -o-scale(0) ;-ms-transform: -ms-rotate(0deg) -ms-scale(0) ;transform: rotate(0deg) scale(0) ;}<\/style><a name=\"12\"><\/a><div class=\"final-tiles-gallery  ftg-hover-enabled caption-inside  caption-none caption-middle caption-center\" id=\"ftg-1212\" style=\"width: 100%\"><div class='ftg-items'><div class='loading-bar'><i><\/i><\/div><div  class='tile ftg-preload'><a title=\"METZ\" data-lightbox='ftg-1212' rel='ftg-1212' target='_blank' class='tile-inner  ftg-lightbox' href='https:\/\/bula-v2024.provisoire.ch\/wp-content\/uploads\/2020\/08\/metz_300x200-300x200.png' ><img alt='METZ' class='item skip-lazy' data-class='item' data-ftg-source='https:\/\/bula-v2024.provisoire.ch\/wp-content\/uploads\/2020\/08\/metz_300x200-300x200.png' src='https:\/\/bula-v2024.provisoire.ch\/wp-content\/uploads\/2020\/08\/metz_300x200-300x200.png' width='300' height='200' \/><div class='caption-block'><div class='text-wrapper'><span class='title'>METZ<\/span><\/div><\/div><\/a><div class='ftg-social'><\/div><\/div><div  class='tile ftg-preload'><a title=\"TECHNICS\" data-lightbox='ftg-1212' rel='ftg-1212' target='_blank' class='tile-inner  ftg-lightbox' href='https:\/\/bula-v2024.provisoire.ch\/wp-content\/uploads\/2023\/10\/Tuile-Site-web-Bula-1-300x200.png' ><img alt='TECHNICS' class='item skip-lazy' data-class='item' data-ftg-source='https:\/\/bula-v2024.provisoire.ch\/wp-content\/uploads\/2023\/10\/Tuile-Site-web-Bula-1.png' src='https:\/\/bula-v2024.provisoire.ch\/wp-content\/uploads\/2023\/10\/Tuile-Site-web-Bula-1.png' width='600' height='400' \/><div class='caption-block'><div class='text-wrapper'><span class='title'>TECHNICS<\/span><\/div><\/div><\/a><div class='ftg-social'><\/div><\/div><div  class='tile ftg-preload'><a title=\"MARANTZ\" data-lightbox='ftg-1212' rel='ftg-1212' target='_blank' class='tile-inner  ftg-lightbox' href='https:\/\/bula-v2024.provisoire.ch\/wp-content\/uploads\/2020\/08\/MARANTZ-300x200-1-300x200.png' ><img alt='MARANTZ' class='item skip-lazy' data-class='item' data-ftg-source='https:\/\/bula-v2024.provisoire.ch\/wp-content\/uploads\/2020\/08\/MARANTZ-300x200-1-300x200.png' src='https:\/\/bula-v2024.provisoire.ch\/wp-content\/uploads\/2020\/08\/MARANTZ-300x200-1-300x200.png' width='300' height='200' \/><div class='caption-block'><div class='text-wrapper'><span class='title'>MARANTZ<\/span><\/div><\/div><\/a><div class='ftg-social'><\/div><\/div><div  class='tile ftg-preload'><a title=\"NAD\" data-lightbox='ftg-1212' rel='ftg-1212' target='_blank' class='tile-inner  ftg-lightbox' href='https:\/\/bula-v2024.provisoire.ch\/wp-content\/uploads\/2020\/08\/NAD-300x200-1-300x200.png' ><img alt='NAD' class='item skip-lazy' data-class='item' data-ftg-source='https:\/\/bula-v2024.provisoire.ch\/wp-content\/uploads\/2020\/08\/NAD-300x200-1-300x200.png' src='https:\/\/bula-v2024.provisoire.ch\/wp-content\/uploads\/2020\/08\/NAD-300x200-1-300x200.png' width='300' height='200' \/><div class='caption-block'><div class='text-wrapper'><span class='title'>NAD<\/span><\/div><\/div><\/a><div class='ftg-social'><\/div><\/div><div  class='tile ftg-preload'><a title=\"REGA\" data-lightbox='ftg-1212' rel='ftg-1212' target='_blank' class='tile-inner  ftg-lightbox' href='https:\/\/bula-v2024.provisoire.ch\/wp-content\/uploads\/2020\/08\/REGA-300x200-1-300x200.png' ><img alt='REGA' class='item skip-lazy' data-class='item' data-ftg-source='https:\/\/bula-v2024.provisoire.ch\/wp-content\/uploads\/2020\/08\/REGA-300x200-1-300x200.png' src='https:\/\/bula-v2024.provisoire.ch\/wp-content\/uploads\/2020\/08\/REGA-300x200-1-300x200.png' width='300' height='200' \/><div class='caption-block'><div class='text-wrapper'><span class='title'>REGA<\/span><\/div><\/div><\/a><div class='ftg-social'><\/div><\/div><div  class='tile ftg-preload'><a title=\"SPECTRAL\"  rel='ftg-1212' target='_self' class='tile-inner' href='https:\/\/bula-v2024.provisoire.ch\/en\/meuble-spectral\/' ><img alt='SPECTRAL' class='item skip-lazy' data-class='item' data-ftg-source='https:\/\/bula-v2024.provisoire.ch\/wp-content\/uploads\/2020\/08\/SPECTRAL-300x200-1.png' src='https:\/\/bula-v2024.provisoire.ch\/wp-content\/uploads\/2020\/08\/SPECTRAL-300x200-1.png' width='600' height='400' \/><div class='caption-block'><div class='text-wrapper'><span class='title'>SPECTRAL<\/span><\/div><\/div><\/a><div class='ftg-social'><\/div><\/div><div  class='tile ftg-preload'><a title=\"PURE\" data-lightbox='ftg-1212' rel='ftg-1212' target='_blank' class='tile-inner  ftg-lightbox' href='https:\/\/bula-v2024.provisoire.ch\/wp-content\/uploads\/2020\/08\/PURE-300x200-1-300x200.png' ><img alt='PURE' class='item skip-lazy' data-class='item' data-ftg-source='https:\/\/bula-v2024.provisoire.ch\/wp-content\/uploads\/2020\/08\/PURE-300x200-1-300x200.png' src='https:\/\/bula-v2024.provisoire.ch\/wp-content\/uploads\/2020\/08\/PURE-300x200-1-300x200.png' width='300' height='200' \/><div class='caption-block'><div class='text-wrapper'><span class='title'>PURE<\/span><\/div><\/div><\/a><div class='ftg-social'><\/div><\/div><div  class='tile ftg-preload'><a title=\"SENNHEISER\" data-lightbox='ftg-1212' rel='ftg-1212' target='_blank' class='tile-inner  ftg-lightbox' href='https:\/\/bula-v2024.provisoire.ch\/wp-content\/uploads\/2020\/08\/SENNHEISER-300x200-1-300x200.png' ><img alt='SENNHEISER' class='item skip-lazy' data-class='item' data-ftg-source='https:\/\/bula-v2024.provisoire.ch\/wp-content\/uploads\/2020\/08\/SENNHEISER-300x200-1-300x200.png' src='https:\/\/bula-v2024.provisoire.ch\/wp-content\/uploads\/2020\/08\/SENNHEISER-300x200-1-300x200.png' width='300' height='200' \/><div class='caption-block'><div class='text-wrapper'><span class='title'>SENNHEISER<\/span><\/div><\/div><\/a><div class='ftg-social'><\/div><\/div><div  class='tile ftg-preload'><a title=\"SUNAE\" data-lightbox='ftg-1212' rel='ftg-1212' target='_blank' class='tile-inner  ftg-lightbox' href='https:\/\/bula-v2024.provisoire.ch\/wp-content\/uploads\/2023\/10\/Tuile-Site-web-Bula-300x200.png' ><img alt='SUNAE' class='item skip-lazy' data-class='item' data-ftg-source='https:\/\/bula-v2024.provisoire.ch\/wp-content\/uploads\/2023\/10\/Tuile-Site-web-Bula.png' src='https:\/\/bula-v2024.provisoire.ch\/wp-content\/uploads\/2023\/10\/Tuile-Site-web-Bula.png' width='600' height='400' \/><div class='caption-block'><div class='text-wrapper'><span class='title'>SUNAE<\/span><\/div><\/div><\/a><div class='ftg-social'><\/div><\/div><\/div><\/div>\n\n\n\n<p><\/p>\n\n\n\n<div style=\"height:100px\" aria-hidden=\"true\" class=\"wp-block-spacer\"><\/div>\n\n\n\n<p class=\"has-text-align-center\" style=\"font-size:23px\"><strong>Interested in a product?<\/strong><\/p>\n\n\n\n<p class=\"has-text-align-center\" style=\"font-size:23px\"><br>Do not hesitate to contact us to arrange an appointment for a demonstration in our store.<\/p>\n\n\n\n<p class=\"has-medium-font-size\"><\/p>","protected":false},"excerpt":{"rendered":"<p>Voici les marques haut de gamme, propos\u00e9es dans nos filiales de Moudon et Epalinges . Tous les produits derniers cris du march\u00e9 ont \u00e9t\u00e9 s\u00e9lectionn\u00e9s pour vous servir. Nous sommes les seuls \u00e0 pouvoirs exposer ces marques dans un m\u00eame showroom Nos produits d\u2019int\u00e9gration audiovisuel made in Switzerland. Interaction parfaite [&hellip;]<\/p>\n","protected":false},"author":5,"featured_media":0,"parent":0,"menu_order":0,"comment_status":"closed","ping_status":"closed","template":"","meta":{"_acf_changed":false,"_themeisle_gutenberg_block_has_review":false,"footnotes":""},"class_list":["post-1405","page","type-page","status-publish","hentry"],"acf":[],"_links":{"self":[{"href":"https:\/\/bula-v2024.provisoire.ch\/en\/wp-json\/wp\/v2\/pages\/1405"}],"collection":[{"href":"https:\/\/bula-v2024.provisoire.ch\/en\/wp-json\/wp\/v2\/pages"}],"about":[{"href":"https:\/\/bula-v2024.provisoire.ch\/en\/wp-json\/wp\/v2\/types\/page"}],"author":[{"embeddable":true,"href":"https:\/\/bula-v2024.provisoire.ch\/en\/wp-json\/wp\/v2\/users\/5"}],"replies":[{"embeddable":true,"href":"https:\/\/bula-v2024.provisoire.ch\/en\/wp-json\/wp\/v2\/comments?post=1405"}],"version-history":[{"count":127,"href":"https:\/\/bula-v2024.provisoire.ch\/en\/wp-json\/wp\/v2\/pages\/1405\/revisions"}],"predecessor-version":[{"id":5333,"href":"https:\/\/bula-v2024.provisoire.ch\/en\/wp-json\/wp\/v2\/pages\/1405\/revisions\/5333"}],"wp:attachment":[{"href":"https:\/\/bula-v2024.provisoire.ch\/en\/wp-json\/wp\/v2\/media?parent=1405"}],"curies":[{"name":"wp","href":"https:\/\/api.w.org\/{rel}","templated":true}]}}