{"id":2,"date":"2017-10-10T09:34:59","date_gmt":"2017-10-10T07:34:59","guid":{"rendered":"https:\/\/bulasa.provisoire.ch\/?page_id=2"},"modified":"2024-08-12T14:15:04","modified_gmt":"2024-08-12T12:15:04","slug":"accueil","status":"publish","type":"page","link":"https:\/\/bula-v2024.provisoire.ch\/en\/","title":{"rendered":"Who are we ?"},"content":{"rendered":"<h2 class=\"wp-block-heading alignwide has-text-align-center has-white-color has-text-color has-link-color wp-elements-87c783394c11ca8d131c8db98d4ed890\" style=\"font-size:35px;font-style:normal;font-weight:600\">&#8211; Qui sommes nous ? &#8211;<\/h2>\n\n\n\n<div style=\"height:52px\" aria-hidden=\"true\" class=\"wp-block-spacer\"><\/div>\n\n\n\n<p class=\"has-text-align-center\" style=\"font-size:20px\">Experts for more than 60 years, we produce modern solutions and manage the integration of concepts with high-end equipment. Always remaining at the forefront of the market, our services are aimed at individuals and professionals, as well as at schools.<\/p>\n\n\n\n<div style=\"height:40px\" aria-hidden=\"true\" class=\"wp-block-spacer\"><\/div>","protected":false},"excerpt":{"rendered":"<p>&#8211; Qui sommes nous ? &#8211; Experts depuis plus de 60 ans, nous r\u00e9alisons des solutions modernes et g\u00e9rons l\u2019int\u00e9gration de concepts avec des \u00e9quipements hauts de gamme. Restant toujours \u00e0 la pointe du march\u00e9 nos services s\u2019adressent aux particuliers et professionnels, ainsi qu\u2019aux \u00e9coles.<\/p>","protected":false},"author":5,"featured_media":5717,"parent":0,"menu_order":0,"comment_status":"closed","ping_status":"closed","template":"","meta":{"_acf_changed":false,"_themeisle_gutenberg_block_has_review":false,"footnotes":""},"class_list":["post-2","page","type-page","status-publish","has-post-thumbnail","hentry"],"acf":[],"_links":{"self":[{"href":"https:\/\/bula-v2024.provisoire.ch\/en\/wp-json\/wp\/v2\/pages\/2"}],"collection":[{"href":"https:\/\/bula-v2024.provisoire.ch\/en\/wp-json\/wp\/v2\/pages"}],"about":[{"href":"https:\/\/bula-v2024.provisoire.ch\/en\/wp-json\/wp\/v2\/types\/page"}],"author":[{"embeddable":true,"href":"https:\/\/bula-v2024.provisoire.ch\/en\/wp-json\/wp\/v2\/users\/5"}],"replies":[{"embeddable":true,"href":"https:\/\/bula-v2024.provisoire.ch\/en\/wp-json\/wp\/v2\/comments?post=2"}],"version-history":[{"count":23,"href":"https:\/\/bula-v2024.provisoire.ch\/en\/wp-json\/wp\/v2\/pages\/2\/revisions"}],"predecessor-version":[{"id":5749,"href":"https:\/\/bula-v2024.provisoire.ch\/en\/wp-json\/wp\/v2\/pages\/2\/revisions\/5749"}],"wp:featuredmedia":[{"embeddable":true,"href":"https:\/\/bula-v2024.provisoire.ch\/en\/wp-json\/wp\/v2\/media\/5717"}],"wp:attachment":[{"href":"https:\/\/bula-v2024.provisoire.ch\/en\/wp-json\/wp\/v2\/media?parent=2"}],"curies":[{"name":"wp","href":"https:\/\/api.w.org\/{rel}","templated":true}]}}