{"id":232,"date":"2017-10-17T14:29:31","date_gmt":"2017-10-17T12:29:31","guid":{"rendered":"https:\/\/bulasa.provisoire.ch\/?page_id=232"},"modified":"2024-08-12T15:35:35","modified_gmt":"2024-08-12T13:35:35","slug":"savoir-faire","status":"publish","type":"page","link":"https:\/\/bula-v2024.provisoire.ch\/en\/services\/","title":{"rendered":"Know how"},"content":{"rendered":"<h5 class=\"wp-block-heading has-text-align-center\" style=\"font-size:20px;font-style:normal;font-weight:400;text-transform:uppercase\">Know how<\/h5>\n\n\n\n<div style=\"height:37px\" aria-hidden=\"true\" class=\"wp-block-spacer\"><\/div>\n\n\n\n<h1 class=\"wp-block-heading has-text-align-center\" style=\"font-style:normal;font-weight:600;text-transform:uppercase\">We install and produce all audiovisual concepts<\/h1>\n\n\n\n<div style=\"height:24px\" aria-hidden=\"true\" class=\"wp-block-spacer\"><\/div>\n\n\n\n<hr class=\"wp-block-separator has-text-color has-alpha-channel-opacity has-background\" style=\"background-color:#f8931f;color:#f8931f\"\/>\n\n\n\n<div style=\"height:33px\" aria-hidden=\"true\" class=\"wp-block-spacer\"><\/div>\n\n\n\n<p class=\"has-text-align-center has-text-color has-link-color wp-elements-14bb5dca3e7ebdc45bc39184b459bb9a\" style=\"color:#000000b0;font-size:25px\">Experts in the production and installation of global and complete audiovisual concepts, our company is aimed at individuals as well as professionals, schools and hotels.<\/p>\n\n\n\n<p class=\"has-text-align-center has-medium-font-size\"><strong>\u201cOur intervention service guarantees you a 24-hour turnaround! \u00bb<\/strong><\/p>\n\n\n\n<div style=\"height:61px\" aria-hidden=\"true\" class=\"wp-block-spacer\"><\/div>\n\n\n\n<div class=\"wp-block-columns alignwide are-vertically-aligned-top has-background is-layout-flex wp-container-core-columns-is-layout-1 wp-block-columns-is-layout-flex\" style=\"background-color:#7d7d83\">\n<div class=\"wp-block-column is-vertically-aligned-top is-layout-flow wp-block-column-is-layout-flow\" style=\"flex-basis:300px\">\n<h2 class=\"wp-block-heading has-text-align-center has-white-color has-text-color has-link-color wp-elements-1ddaab2add0a9c87bb2950ce63a5c79c\" style=\"font-style:normal;font-weight:400;text-transform:uppercase\">A personalized living space<\/h2>\n\n\n\n<hr class=\"wp-block-separator has-text-color has-alpha-channel-opacity has-background\" style=\"background-color:#f8931f;color:#f8931f\"\/>\n\n\n\n<p class=\"has-white-color has-text-color has-link-color wp-elements-50f107894cb4c5fa38fa9c9799097fc2\">After examining the acoustics, wiring and electronics of your interior, we can determine for you the best way to transform your living space. Installation of a home cinema or<br>\u00ab Multiroom \u00bb &#8211; la musique vous suit dans chaque pi\u00e8ce &#8211; nous saurons adapter l\u2019installation de fa\u00e7on ergonomique et id\u00e9ale pour votre lieu de vie.<\/p>\n<\/div>\n\n\n\n<div class=\"wp-block-column is-layout-flow wp-block-column-is-layout-flow\"><\/div>\n\n\n\n<div class=\"wp-block-column is-vertically-aligned-top is-layout-flow wp-block-column-is-layout-flow\" style=\"flex-basis:300px\">\n<h2 class=\"wp-block-heading has-text-align-center has-white-color has-text-color has-link-color wp-elements-d7f015aad66994f422a61b3c67afb0ee\" style=\"font-style:normal;font-weight:400;text-transform:uppercase\">Trusted partners<\/h2>\n\n\n\n<hr class=\"wp-block-separator has-text-color has-alpha-channel-opacity has-background\" style=\"background-color:#f8931f;color:#f8931f\"\/>\n\n\n\n<p class=\"has-white-color has-text-color has-link-color wp-elements-55087e1779e82ca2ed975d1f7b103b5a\">Always with a concern for quality, our home automation experts are top-notch.<br><br>Ainsi, nous sommes \u00e0 m\u00eame d&rsquo;int\u00e9grer tous les syst\u00e8mes domotiques existants.<\/p>\n<\/div>\n\n\n\n<div class=\"wp-block-column is-layout-flow wp-block-column-is-layout-flow\"><\/div>\n\n\n\n<div class=\"wp-block-column is-vertically-aligned-top is-layout-flow wp-block-column-is-layout-flow\" style=\"flex-basis:300px\">\n<h2 class=\"wp-block-heading alignwide has-text-align-center has-white-color has-text-color has-link-color wp-elements-62473127a2ae2babfd0ec230c7602d49\" style=\"font-style:normal;font-weight:400;text-transform:uppercase\">Une installation <br>r\u00e9ussie !<\/h2>\n\n\n\n<hr class=\"wp-block-separator has-text-color has-alpha-channel-opacity has-background\" style=\"background-color:#f8931f;color:#f8931f\"\/>\n\n\n\n<p class=\"has-text-align-left has-white-color has-text-color has-link-color wp-elements-8e51abee2d13b5aa53844c6beeb29c14\">Accustomed to carrying out personalized installations adapted to the accommodation and according to the appliances, our team of experts will be able to show you the perfect location for your equipment. From speaker placement to optimize performance to device layout for modern design, we&#039;ll help you find the perfect combination.<\/p>\n<\/div>\n<\/div>\n\n\n\n<div class=\"wp-block-buttons is-content-justification-center is-layout-flex wp-container-core-buttons-is-layout-1 wp-block-buttons-is-layout-flex\"><\/div>","protected":false},"excerpt":{"rendered":"<p>Savoir-faire Nous installons et r\u00e9alisons tous les concepts audiovisuels Experts dans la r\u00e9alisation et l\u2019installation de concepts globaux et complets d\u2019audiovisuel, notre entreprise s\u2019adresse autant aux particuliers qu\u2019aux professionnels, aux \u00e9coles et aux \u00e9tablissements h\u00f4teliers. \u00ab Notre service d\u2019intervention vous assure un d\u00e9lai de 24 heures ! \u00bb Un lieu [&hellip;]<\/p>\n","protected":false},"author":5,"featured_media":1365,"parent":0,"menu_order":0,"comment_status":"closed","ping_status":"closed","template":"page-templates\/template-fullwidth.php","meta":{"_acf_changed":false,"_themeisle_gutenberg_block_has_review":false,"footnotes":""},"class_list":["post-232","page","type-page","status-publish","has-post-thumbnail","hentry"],"acf":[],"_links":{"self":[{"href":"https:\/\/bula-v2024.provisoire.ch\/en\/wp-json\/wp\/v2\/pages\/232"}],"collection":[{"href":"https:\/\/bula-v2024.provisoire.ch\/en\/wp-json\/wp\/v2\/pages"}],"about":[{"href":"https:\/\/bula-v2024.provisoire.ch\/en\/wp-json\/wp\/v2\/types\/page"}],"author":[{"embeddable":true,"href":"https:\/\/bula-v2024.provisoire.ch\/en\/wp-json\/wp\/v2\/users\/5"}],"replies":[{"embeddable":true,"href":"https:\/\/bula-v2024.provisoire.ch\/en\/wp-json\/wp\/v2\/comments?post=232"}],"version-history":[{"count":116,"href":"https:\/\/bula-v2024.provisoire.ch\/en\/wp-json\/wp\/v2\/pages\/232\/revisions"}],"predecessor-version":[{"id":5796,"href":"https:\/\/bula-v2024.provisoire.ch\/en\/wp-json\/wp\/v2\/pages\/232\/revisions\/5796"}],"wp:featuredmedia":[{"embeddable":true,"href":"https:\/\/bula-v2024.provisoire.ch\/en\/wp-json\/wp\/v2\/media\/1365"}],"wp:attachment":[{"href":"https:\/\/bula-v2024.provisoire.ch\/en\/wp-json\/wp\/v2\/media?parent=232"}],"curies":[{"name":"wp","href":"https:\/\/api.w.org\/{rel}","templated":true}]}}