{"id":268,"date":"2017-10-18T16:19:12","date_gmt":"2017-10-18T14:19:12","guid":{"rendered":"https:\/\/bulasa.provisoire.ch\/?page_id=268"},"modified":"2023-05-31T11:07:05","modified_gmt":"2023-05-31T09:07:05","slug":"epalinges","status":"publish","type":"page","link":"https:\/\/bula-v2024.provisoire.ch\/en\/showrooms\/epalinges\/","title":{"rendered":"Bula Epalinges"},"content":{"rendered":"<p class=\"has-text-align-center\" style=\"font-size:28px\">Our experts are at your disposal to find the best solution for your request. <\/p>\n\n\n\n<div style=\"height:21px\" aria-hidden=\"true\" class=\"wp-block-spacer\"><\/div>\n\n\n\n<p class=\"has-text-align-center\" style=\"font-size:28px\">We review acoustics, wiring and electronics <\/p>\n\n\n\n<p class=\"has-text-align-center\" style=\"font-size:28px\">of your interior to determine the best way <\/p>\n\n\n\n<p class=\"has-text-align-center\" style=\"font-size:28px\">to transform your living space.<\/p>\n\n\n\n<div style=\"height:23px\" aria-hidden=\"true\" class=\"wp-block-spacer\"><\/div>\n\n\n\n<p class=\"has-text-align-center has-medium-font-size\"><strong>Feel free to visit us anytime during our opening hours or book a private demonstration of your favorite product, in store.&nbsp;<\/strong><\/p>\n\n\n\n<p class=\"has-text-align-center has-medium-font-size\"><strong>We look forward to seeing you !<\/strong><\/p>\n\n\n\n<div style=\"height:25px\" aria-hidden=\"true\" class=\"wp-block-spacer\"><\/div>\n\n\n\n<hr class=\"wp-block-separator has-alpha-channel-opacity is-style-wide\"\/>\n\n\n\n<p class=\"has-text-align-center\">Such.&nbsp;<a href=\"tel:+41848905906\">0848.905.906 <\/a>&nbsp;\u2013 Email&nbsp;<a href=\"mailto:info@bula-v2024.provisoire.ch\">info@bula-v2024.provisoire.ch<\/a> \u2013 Web <a href=\"https:\/\/bula-v2024.provisoire.ch\/en\/contact-bula-2\/\">Contact form<\/a><\/p>\n\n\n\n<hr class=\"wp-block-separator has-alpha-channel-opacity\"\/>","protected":false},"excerpt":{"rendered":"<p>Nos experts sont \u00e0 votre disposition afin de trouver la meilleure solution \u00e0 votre demande. Nous examinons l\u2019acoustique, le c\u00e2blage et l\u2019\u00e9lectronique de votre int\u00e9rieur afin de d\u00e9terminer la meilleure fa\u00e7on de transformer votre espace de vie. N\u2019h\u00e9sitez pas \u00e0 nous rendre visite \u00e0 tout moment durant nos heures d\u2019ouverture [&hellip;]<\/p>\n","protected":false},"author":5,"featured_media":2004,"parent":262,"menu_order":0,"comment_status":"closed","ping_status":"closed","template":"page-shop.php","meta":{"_acf_changed":false,"_themeisle_gutenberg_block_has_review":false,"footnotes":""},"class_list":["post-268","page","type-page","status-publish","has-post-thumbnail","hentry"],"acf":[],"_links":{"self":[{"href":"https:\/\/bula-v2024.provisoire.ch\/en\/wp-json\/wp\/v2\/pages\/268"}],"collection":[{"href":"https:\/\/bula-v2024.provisoire.ch\/en\/wp-json\/wp\/v2\/pages"}],"about":[{"href":"https:\/\/bula-v2024.provisoire.ch\/en\/wp-json\/wp\/v2\/types\/page"}],"author":[{"embeddable":true,"href":"https:\/\/bula-v2024.provisoire.ch\/en\/wp-json\/wp\/v2\/users\/5"}],"replies":[{"embeddable":true,"href":"https:\/\/bula-v2024.provisoire.ch\/en\/wp-json\/wp\/v2\/comments?post=268"}],"version-history":[{"count":56,"href":"https:\/\/bula-v2024.provisoire.ch\/en\/wp-json\/wp\/v2\/pages\/268\/revisions"}],"predecessor-version":[{"id":4977,"href":"https:\/\/bula-v2024.provisoire.ch\/en\/wp-json\/wp\/v2\/pages\/268\/revisions\/4977"}],"up":[{"embeddable":true,"href":"https:\/\/bula-v2024.provisoire.ch\/en\/wp-json\/wp\/v2\/pages\/262"}],"wp:featuredmedia":[{"embeddable":true,"href":"https:\/\/bula-v2024.provisoire.ch\/en\/wp-json\/wp\/v2\/media\/2004"}],"wp:attachment":[{"href":"https:\/\/bula-v2024.provisoire.ch\/en\/wp-json\/wp\/v2\/media?parent=268"}],"curies":[{"name":"wp","href":"https:\/\/api.w.org\/{rel}","templated":true}]}}