{"id":3760,"date":"2022-05-20T15:59:46","date_gmt":"2022-05-20T13:59:46","guid":{"rendered":"https:\/\/bulasa.provisoire.ch\/?page_id=3760"},"modified":"2023-10-23T15:29:42","modified_gmt":"2023-10-23T13:29:42","slug":"systeme-dalarme","status":"publish","type":"page","link":"https:\/\/bula-v2024.provisoire.ch\/en\/our-services-2\/alarm-system\/","title":{"rendered":"Alarm system"},"content":{"rendered":"<div class=\"wp-block-image\">\n<figure class=\"aligncenter size-large is-resized\"><img loading=\"lazy\" decoding=\"async\" src=\"https:\/\/bulasa.provisoire.ch\/wp-content\/uploads\/2022\/05\/23616_maxi-e1653059873310.png\" alt=\"\" class=\"wp-image-3809\" width=\"445\" height=\"182\" srcset=\"https:\/\/bula-v2024.provisoire.ch\/wp-content\/uploads\/2022\/05\/23616_maxi-e1653059873310.png 593w, https:\/\/bula-v2024.provisoire.ch\/wp-content\/uploads\/2022\/05\/23616_maxi-e1653059873310-300x123.png 300w\" sizes=\"(max-width: 445px) 100vw, 445px\" \/><\/figure><\/div>\n\n\n<div class=\"wp-block-media-text alignwide has-media-on-the-right is-stacked-on-mobile is-vertically-aligned-center is-image-fill has-text-color has-background\" style=\"color:#fabc0d;background-color:#413c3c;grid-template-columns:auto 62%\"><div class=\"wp-block-media-text__content\">\n<p class=\"has-text-align-left has-white-color has-text-color\" style=\"font-size:25px\">For a safe and comfortable home<\/p>\n<\/div><figure class=\"wp-block-media-text__media\" style=\"background-image:url(https:\/\/bulasa.provisoire.ch\/wp-content\/uploads\/2022\/05\/image-725x1024.png);background-position:60% 62%\"><img loading=\"lazy\" decoding=\"async\" width=\"725\" height=\"1024\" src=\"https:\/\/bulasa.provisoire.ch\/wp-content\/uploads\/2022\/05\/image-725x1024.png\" alt=\"\" class=\"wp-image-3777 size-full\" srcset=\"https:\/\/bula-v2024.provisoire.ch\/wp-content\/uploads\/2022\/05\/image-725x1024.png 725w, https:\/\/bula-v2024.provisoire.ch\/wp-content\/uploads\/2022\/05\/image-600x848.png 600w, https:\/\/bula-v2024.provisoire.ch\/wp-content\/uploads\/2022\/05\/image-212x300.png 212w, https:\/\/bula-v2024.provisoire.ch\/wp-content\/uploads\/2022\/05\/image-768x1085.png 768w, https:\/\/bula-v2024.provisoire.ch\/wp-content\/uploads\/2022\/05\/image-1087x1536.png 1087w, https:\/\/bula-v2024.provisoire.ch\/wp-content\/uploads\/2022\/05\/image-1450x2048.png 1450w\" sizes=\"(max-width: 725px) 100vw, 725px\" \/><\/figure><\/div>\n\n\n\n<div style=\"height:62px\" aria-hidden=\"true\" class=\"wp-block-spacer\"><\/div>\n\n\n\n<div class=\"wp-block-media-text alignwide is-stacked-on-mobile is-image-fill has-text-color has-background\" style=\"color:#fabc0d;background-color:#413c3c;grid-template-columns:56% auto\"><figure class=\"wp-block-media-text__media\" style=\"background-image:url(https:\/\/bulasa.provisoire.ch\/wp-content\/uploads\/2022\/05\/intro-automatizace-en.jpg);background-position:50% 50%\"><img loading=\"lazy\" decoding=\"async\" width=\"640\" height=\"312\" src=\"https:\/\/bulasa.provisoire.ch\/wp-content\/uploads\/2022\/05\/intro-automatizace-en.jpg\" alt=\"\" class=\"wp-image-3788 size-full\" srcset=\"https:\/\/bula-v2024.provisoire.ch\/wp-content\/uploads\/2022\/05\/intro-automatizace-en.jpg 640w, https:\/\/bula-v2024.provisoire.ch\/wp-content\/uploads\/2022\/05\/intro-automatizace-en-600x293.jpg 600w, https:\/\/bula-v2024.provisoire.ch\/wp-content\/uploads\/2022\/05\/intro-automatizace-en-300x146.jpg 300w\" sizes=\"(max-width: 640px) 100vw, 640px\" \/><\/figure><div class=\"wp-block-media-text__content\">\n<p class=\"has-text-align-right has-white-color has-text-color\" style=\"font-size:25px\">With easy remote control, you manage your installation at your fingertips<\/p>\n<\/div><\/div>\n\n\n\n<div style=\"height:62px\" aria-hidden=\"true\" class=\"wp-block-spacer\"><\/div>\n\n\n\n<div class=\"wp-block-media-text alignwide has-media-on-the-right is-stacked-on-mobile is-vertically-aligned-center is-image-fill has-text-color has-background\" style=\"color:#fabc0d;background-color:#413c3c;grid-template-columns:auto 58%\"><div class=\"wp-block-media-text__content\">\n<p class=\"has-text-align-left has-white-color has-text-color\" style=\"font-size:25px\">A simple, discreet and wireless installation.<\/p>\n<\/div><figure class=\"wp-block-media-text__media\" style=\"background-image:url(https:\/\/bulasa.provisoire.ch\/wp-content\/uploads\/2022\/05\/image-3-1024x675.png);background-position:50% 20%\"><img loading=\"lazy\" decoding=\"async\" width=\"1024\" height=\"675\" src=\"https:\/\/bulasa.provisoire.ch\/wp-content\/uploads\/2022\/05\/image-3-1024x675.png\" alt=\"\" class=\"wp-image-3792 size-full\" srcset=\"https:\/\/bula-v2024.provisoire.ch\/wp-content\/uploads\/2022\/05\/image-3-1024x675.png 1024w, https:\/\/bula-v2024.provisoire.ch\/wp-content\/uploads\/2022\/05\/image-3-600x396.png 600w, https:\/\/bula-v2024.provisoire.ch\/wp-content\/uploads\/2022\/05\/image-3-300x198.png 300w, https:\/\/bula-v2024.provisoire.ch\/wp-content\/uploads\/2022\/05\/image-3-768x507.png 768w, https:\/\/bula-v2024.provisoire.ch\/wp-content\/uploads\/2022\/05\/image-3-1536x1013.png 1536w, https:\/\/bula-v2024.provisoire.ch\/wp-content\/uploads\/2022\/05\/image-3-2048x1351.png 2048w\" sizes=\"(max-width: 1024px) 100vw, 1024px\" \/><\/figure><\/div>\n\n\n\n<div style=\"height:100px\" aria-hidden=\"true\" class=\"wp-block-spacer\"><\/div>\n\n\n\n<div class=\"wp-block-buttons is-content-justification-center is-layout-flex wp-container-core-buttons-is-layout-1 wp-block-buttons-is-layout-flex\"><\/div>","protected":false},"excerpt":{"rendered":"<p>Pour un domicile s\u00e9curis\u00e9 et confortable Avec un contr\u00f4le facilit\u00e9 \u00e0 distance, vous g\u00e9rer votre installation du bout des doigts Une installation simple, discr\u00e8te et sans fil.<\/p>","protected":false},"author":5,"featured_media":3790,"parent":4450,"menu_order":2,"comment_status":"closed","ping_status":"closed","template":"","meta":{"_acf_changed":false,"_themeisle_gutenberg_block_has_review":false,"footnotes":""},"class_list":["post-3760","page","type-page","status-publish","has-post-thumbnail","hentry"],"acf":[],"_links":{"self":[{"href":"https:\/\/bula-v2024.provisoire.ch\/en\/wp-json\/wp\/v2\/pages\/3760"}],"collection":[{"href":"https:\/\/bula-v2024.provisoire.ch\/en\/wp-json\/wp\/v2\/pages"}],"about":[{"href":"https:\/\/bula-v2024.provisoire.ch\/en\/wp-json\/wp\/v2\/types\/page"}],"author":[{"embeddable":true,"href":"https:\/\/bula-v2024.provisoire.ch\/en\/wp-json\/wp\/v2\/users\/5"}],"replies":[{"embeddable":true,"href":"https:\/\/bula-v2024.provisoire.ch\/en\/wp-json\/wp\/v2\/comments?post=3760"}],"version-history":[{"count":38,"href":"https:\/\/bula-v2024.provisoire.ch\/en\/wp-json\/wp\/v2\/pages\/3760\/revisions"}],"predecessor-version":[{"id":5465,"href":"https:\/\/bula-v2024.provisoire.ch\/en\/wp-json\/wp\/v2\/pages\/3760\/revisions\/5465"}],"up":[{"embeddable":true,"href":"https:\/\/bula-v2024.provisoire.ch\/en\/wp-json\/wp\/v2\/pages\/4450"}],"wp:featuredmedia":[{"embeddable":true,"href":"https:\/\/bula-v2024.provisoire.ch\/en\/wp-json\/wp\/v2\/media\/3790"}],"wp:attachment":[{"href":"https:\/\/bula-v2024.provisoire.ch\/en\/wp-json\/wp\/v2\/media?parent=3760"}],"curies":[{"name":"wp","href":"https:\/\/api.w.org\/{rel}","templated":true}]}}