{"id":4382,"date":"2023-01-09T15:21:50","date_gmt":"2023-01-09T13:21:50","guid":{"rendered":"https:\/\/bula-v2024.provisoire.ch\/?page_id=4382"},"modified":"2023-10-23T15:17:07","modified_gmt":"2023-10-23T13:17:07","slug":"reseau-et-informatique","status":"publish","type":"page","link":"https:\/\/bula-v2024.provisoire.ch\/en\/our-services-2\/network-and-computer\/","title":{"rendered":"Network and IT"},"content":{"rendered":"<div class=\"wp-block-media-text alignwide has-media-on-the-right is-stacked-on-mobile is-vertically-aligned-center is-image-fill has-text-color has-background\" style=\"color:#fabc0d;background-color:#413c3c;grid-template-columns:auto 62%\"><div class=\"wp-block-media-text__content\">\n<p><\/p>\n\n\n\n<p class=\"has-text-align-left has-white-color has-text-color\" style=\"font-size:18px\">Improving the reliability and coverage of your wired and wireless computer network yourself is not always easy...<\/p>\n<\/div><figure class=\"wp-block-media-text__media\" style=\"background-image:url(https:\/\/bula-v2024.provisoire.ch\/wp-content\/uploads\/2023\/01\/computer-technology-wire-internet-color-communication-645980-pxhere.com_-1024x683.jpg);background-position:52% 35%\"><img loading=\"lazy\" decoding=\"async\" width=\"1024\" height=\"683\" src=\"https:\/\/bula-v2024.provisoire.ch\/wp-content\/uploads\/2023\/01\/computer-technology-wire-internet-color-communication-645980-pxhere.com_-1024x683.jpg\" alt=\"\" class=\"wp-image-4390 size-full\" srcset=\"https:\/\/bula-v2024.provisoire.ch\/wp-content\/uploads\/2023\/01\/computer-technology-wire-internet-color-communication-645980-pxhere.com_-1024x683.jpg 1024w, https:\/\/bula-v2024.provisoire.ch\/wp-content\/uploads\/2023\/01\/computer-technology-wire-internet-color-communication-645980-pxhere.com_-600x400.jpg 600w, https:\/\/bula-v2024.provisoire.ch\/wp-content\/uploads\/2023\/01\/computer-technology-wire-internet-color-communication-645980-pxhere.com_-300x200.jpg 300w, https:\/\/bula-v2024.provisoire.ch\/wp-content\/uploads\/2023\/01\/computer-technology-wire-internet-color-communication-645980-pxhere.com_-768x512.jpg 768w, https:\/\/bula-v2024.provisoire.ch\/wp-content\/uploads\/2023\/01\/computer-technology-wire-internet-color-communication-645980-pxhere.com_-1536x1024.jpg 1536w, https:\/\/bula-v2024.provisoire.ch\/wp-content\/uploads\/2023\/01\/computer-technology-wire-internet-color-communication-645980-pxhere.com_-18x12.jpg 18w, https:\/\/bula-v2024.provisoire.ch\/wp-content\/uploads\/2023\/01\/computer-technology-wire-internet-color-communication-645980-pxhere.com_-1080x720.jpg 1080w, https:\/\/bula-v2024.provisoire.ch\/wp-content\/uploads\/2023\/01\/computer-technology-wire-internet-color-communication-645980-pxhere.com_.jpg 1620w\" sizes=\"(max-width: 1024px) 100vw, 1024px\" \/><\/figure><\/div>\n\n\n\n<div style=\"height:62px\" aria-hidden=\"true\" class=\"wp-block-spacer\"><\/div>\n\n\n\n<div class=\"wp-block-media-text alignwide is-stacked-on-mobile is-image-fill has-text-color has-background\" style=\"color:#fabc0d;background-color:#413c3c;grid-template-columns:62% auto\"><figure class=\"wp-block-media-text__media\" style=\"background-image:url(https:\/\/bula-v2024.provisoire.ch\/wp-content\/uploads\/2023\/01\/wifi-hotspot-public-travel-concept-internet-1439651-pxhere.com_.jpg);background-position:54% 34%\"><img loading=\"lazy\" decoding=\"async\" width=\"1699\" height=\"1080\" src=\"https:\/\/bula-v2024.provisoire.ch\/wp-content\/uploads\/2023\/01\/wifi-hotspot-public-travel-concept-internet-1439651-pxhere.com_.jpg\" alt=\"\" class=\"wp-image-4391 size-full\" srcset=\"https:\/\/bula-v2024.provisoire.ch\/wp-content\/uploads\/2023\/01\/wifi-hotspot-public-travel-concept-internet-1439651-pxhere.com_.jpg 1699w, https:\/\/bula-v2024.provisoire.ch\/wp-content\/uploads\/2023\/01\/wifi-hotspot-public-travel-concept-internet-1439651-pxhere.com_-600x381.jpg 600w, https:\/\/bula-v2024.provisoire.ch\/wp-content\/uploads\/2023\/01\/wifi-hotspot-public-travel-concept-internet-1439651-pxhere.com_-300x191.jpg 300w, https:\/\/bula-v2024.provisoire.ch\/wp-content\/uploads\/2023\/01\/wifi-hotspot-public-travel-concept-internet-1439651-pxhere.com_-1024x651.jpg 1024w, https:\/\/bula-v2024.provisoire.ch\/wp-content\/uploads\/2023\/01\/wifi-hotspot-public-travel-concept-internet-1439651-pxhere.com_-768x488.jpg 768w, https:\/\/bula-v2024.provisoire.ch\/wp-content\/uploads\/2023\/01\/wifi-hotspot-public-travel-concept-internet-1439651-pxhere.com_-1536x976.jpg 1536w, https:\/\/bula-v2024.provisoire.ch\/wp-content\/uploads\/2023\/01\/wifi-hotspot-public-travel-concept-internet-1439651-pxhere.com_-18x12.jpg 18w, https:\/\/bula-v2024.provisoire.ch\/wp-content\/uploads\/2023\/01\/wifi-hotspot-public-travel-concept-internet-1439651-pxhere.com_-1080x687.jpg 1080w\" sizes=\"(max-width: 1699px) 100vw, 1699px\" \/><\/figure><div class=\"wp-block-media-text__content\">\n<p><\/p>\n\n\n\n<p class=\"has-text-align-right has-white-color has-text-color\" style=\"font-size:18px\">Whether you are a private individual or a company, we advise you, at home, on the different solutions for your installation, taking into account your needs, the architecture of your interior and your budget.<\/p>\n<\/div><\/div>\n\n\n\n<div style=\"height:62px\" aria-hidden=\"true\" class=\"wp-block-spacer\"><\/div>\n\n\n\n<div class=\"wp-block-media-text alignwide has-media-on-the-right is-stacked-on-mobile is-vertically-aligned-center is-image-fill has-text-color has-background\" style=\"color:#fabc0d;background-color:#413c3c;grid-template-columns:auto 62%\"><div class=\"wp-block-media-text__content\">\n<p class=\"has-text-align-left has-white-color has-text-color\" style=\"font-size:18px\">We then take care of everything, regardless of your internet service provider.<\/p>\n<\/div><figure class=\"wp-block-media-text__media\" style=\"background-image:url(https:\/\/bula-v2024.provisoire.ch\/wp-content\/uploads\/2023\/01\/Screen-Shot-2020-04-06-at-08.22.07-1024x829.webp);background-position:50% 50%\"><img loading=\"lazy\" decoding=\"async\" width=\"1024\" height=\"829\" src=\"https:\/\/bula-v2024.provisoire.ch\/wp-content\/uploads\/2023\/01\/Screen-Shot-2020-04-06-at-08.22.07-1024x829.webp\" alt=\"\" class=\"wp-image-4392 size-full\" srcset=\"https:\/\/bula-v2024.provisoire.ch\/wp-content\/uploads\/2023\/01\/Screen-Shot-2020-04-06-at-08.22.07-1024x829.webp 1024w, https:\/\/bula-v2024.provisoire.ch\/wp-content\/uploads\/2023\/01\/Screen-Shot-2020-04-06-at-08.22.07-600x486.webp 600w, https:\/\/bula-v2024.provisoire.ch\/wp-content\/uploads\/2023\/01\/Screen-Shot-2020-04-06-at-08.22.07-300x243.webp 300w, https:\/\/bula-v2024.provisoire.ch\/wp-content\/uploads\/2023\/01\/Screen-Shot-2020-04-06-at-08.22.07-768x622.webp 768w, https:\/\/bula-v2024.provisoire.ch\/wp-content\/uploads\/2023\/01\/Screen-Shot-2020-04-06-at-08.22.07-1536x1243.webp 1536w, https:\/\/bula-v2024.provisoire.ch\/wp-content\/uploads\/2023\/01\/Screen-Shot-2020-04-06-at-08.22.07-15x12.webp 15w, https:\/\/bula-v2024.provisoire.ch\/wp-content\/uploads\/2023\/01\/Screen-Shot-2020-04-06-at-08.22.07-1080x874.webp 1080w, https:\/\/bula-v2024.provisoire.ch\/wp-content\/uploads\/2023\/01\/Screen-Shot-2020-04-06-at-08.22.07.webp 1636w\" sizes=\"(max-width: 1024px) 100vw, 1024px\" \/><\/figure><\/div>\n\n\n\n<div style=\"height:100px\" aria-hidden=\"true\" class=\"wp-block-spacer\"><\/div>\n\n\n\n<div class=\"wp-block-buttons is-content-justification-center is-layout-flex wp-container-core-buttons-is-layout-1 wp-block-buttons-is-layout-flex\"><\/div>","protected":false},"excerpt":{"rendered":"<p>Am\u00e9liorer soit m\u00eame la fiabilit\u00e9 et la couverture de son r\u00e9seau informatique filaire et sans fil n\u2019est pas toujours simple&#8230; Que vous soyez un priv\u00e9 ou une entreprise, nous vous conseillons, \u00e0 domicile, sur les diff\u00e9rentes solutions pour votre installation, en tenant compte de vos besoins, de l\u2019architecture de votre [&hellip;]<\/p>\n","protected":false},"author":5,"featured_media":4388,"parent":4450,"menu_order":0,"comment_status":"closed","ping_status":"closed","template":"","meta":{"_acf_changed":false,"_themeisle_gutenberg_block_has_review":false,"footnotes":""},"class_list":["post-4382","page","type-page","status-publish","has-post-thumbnail","hentry"],"acf":[],"_links":{"self":[{"href":"https:\/\/bula-v2024.provisoire.ch\/en\/wp-json\/wp\/v2\/pages\/4382"}],"collection":[{"href":"https:\/\/bula-v2024.provisoire.ch\/en\/wp-json\/wp\/v2\/pages"}],"about":[{"href":"https:\/\/bula-v2024.provisoire.ch\/en\/wp-json\/wp\/v2\/types\/page"}],"author":[{"embeddable":true,"href":"https:\/\/bula-v2024.provisoire.ch\/en\/wp-json\/wp\/v2\/users\/5"}],"replies":[{"embeddable":true,"href":"https:\/\/bula-v2024.provisoire.ch\/en\/wp-json\/wp\/v2\/comments?post=4382"}],"version-history":[{"count":16,"href":"https:\/\/bula-v2024.provisoire.ch\/en\/wp-json\/wp\/v2\/pages\/4382\/revisions"}],"predecessor-version":[{"id":5461,"href":"https:\/\/bula-v2024.provisoire.ch\/en\/wp-json\/wp\/v2\/pages\/4382\/revisions\/5461"}],"up":[{"embeddable":true,"href":"https:\/\/bula-v2024.provisoire.ch\/en\/wp-json\/wp\/v2\/pages\/4450"}],"wp:featuredmedia":[{"embeddable":true,"href":"https:\/\/bula-v2024.provisoire.ch\/en\/wp-json\/wp\/v2\/media\/4388"}],"wp:attachment":[{"href":"https:\/\/bula-v2024.provisoire.ch\/en\/wp-json\/wp\/v2\/media?parent=4382"}],"curies":[{"name":"wp","href":"https:\/\/api.w.org\/{rel}","templated":true}]}}