{"id":4545,"date":"2023-02-21T18:00:04","date_gmt":"2023-02-21T16:00:04","guid":{"rendered":"https:\/\/bula-v2024.provisoire.ch\/?page_id=4545"},"modified":"2023-10-23T15:14:54","modified_gmt":"2023-10-23T13:14:54","slug":"service-a-domicile","status":"publish","type":"page","link":"https:\/\/bula-v2024.provisoire.ch\/en\/our-services-2\/home-service\/","title":{"rendered":"Home service"},"content":{"rendered":"<div class=\"wp-block-media-text alignwide has-media-on-the-right is-stacked-on-mobile is-vertically-aligned-center is-image-fill has-text-color has-background\" style=\"color:#fabc0d;background-color:#413c3c;grid-template-columns:auto 62%\"><div class=\"wp-block-media-text__content\">\n<p><\/p>\n\n\n\n<p class=\"has-text-align-left has-white-color has-text-color\" style=\"font-size:18px\">Following your call, We come to your home at the agreed time and date. We can act on all brands and all types of electronic entertainment devices.<\/p>\n<\/div><figure class=\"wp-block-media-text__media\" style=\"background-image:url(https:\/\/bula-v2024.provisoire.ch\/wp-content\/uploads\/2023\/02\/white-time-number-line-black-paper-748014-pxhere.com_-1024x768.jpg);background-position:50% 50%\"><img loading=\"lazy\" decoding=\"async\" width=\"1024\" height=\"768\" src=\"https:\/\/bula-v2024.provisoire.ch\/wp-content\/uploads\/2023\/02\/white-time-number-line-black-paper-748014-pxhere.com_-1024x768.jpg\" alt=\"\" class=\"wp-image-4549 size-full\" srcset=\"https:\/\/bula-v2024.provisoire.ch\/wp-content\/uploads\/2023\/02\/white-time-number-line-black-paper-748014-pxhere.com_-1024x768.jpg 1024w, https:\/\/bula-v2024.provisoire.ch\/wp-content\/uploads\/2023\/02\/white-time-number-line-black-paper-748014-pxhere.com_-600x450.jpg 600w, https:\/\/bula-v2024.provisoire.ch\/wp-content\/uploads\/2023\/02\/white-time-number-line-black-paper-748014-pxhere.com_-300x225.jpg 300w, https:\/\/bula-v2024.provisoire.ch\/wp-content\/uploads\/2023\/02\/white-time-number-line-black-paper-748014-pxhere.com_-768x576.jpg 768w, https:\/\/bula-v2024.provisoire.ch\/wp-content\/uploads\/2023\/02\/white-time-number-line-black-paper-748014-pxhere.com_-16x12.jpg 16w, https:\/\/bula-v2024.provisoire.ch\/wp-content\/uploads\/2023\/02\/white-time-number-line-black-paper-748014-pxhere.com_-510x382.jpg 510w, https:\/\/bula-v2024.provisoire.ch\/wp-content\/uploads\/2023\/02\/white-time-number-line-black-paper-748014-pxhere.com_-1080x810.jpg 1080w, https:\/\/bula-v2024.provisoire.ch\/wp-content\/uploads\/2023\/02\/white-time-number-line-black-paper-748014-pxhere.com_.jpg 1440w\" sizes=\"(max-width: 1024px) 100vw, 1024px\" \/><\/figure><\/div>\n\n\n\n<div style=\"height:62px\" aria-hidden=\"true\" class=\"wp-block-spacer\"><\/div>\n\n\n\n<div class=\"wp-block-media-text alignwide is-stacked-on-mobile is-vertically-aligned-center is-image-fill has-text-color has-background\" style=\"color:#fabc0d;background-color:#413c3c;grid-template-columns:62% auto\"><figure class=\"wp-block-media-text__media\" style=\"background-image:url(https:\/\/bula-v2024.provisoire.ch\/wp-content\/uploads\/2020\/07\/Bild-5-4-765x1024.jpg);background-position:50% 50%\"><img loading=\"lazy\" decoding=\"async\" width=\"765\" height=\"1024\" src=\"https:\/\/bula-v2024.provisoire.ch\/wp-content\/uploads\/2020\/07\/Bild-5-4-765x1024.jpg\" alt=\"\" class=\"wp-image-2717 size-full\" srcset=\"https:\/\/bula-v2024.provisoire.ch\/wp-content\/uploads\/2020\/07\/Bild-5-4-765x1024.jpg 765w, https:\/\/bula-v2024.provisoire.ch\/wp-content\/uploads\/2020\/07\/Bild-5-4-224x300.jpg 224w, https:\/\/bula-v2024.provisoire.ch\/wp-content\/uploads\/2020\/07\/Bild-5-4-768x1028.jpg 768w, https:\/\/bula-v2024.provisoire.ch\/wp-content\/uploads\/2020\/07\/Bild-5-4-1147x1536.jpg 1147w, https:\/\/bula-v2024.provisoire.ch\/wp-content\/uploads\/2020\/07\/Bild-5-4-1529x2048.jpg 1529w, https:\/\/bula-v2024.provisoire.ch\/wp-content\/uploads\/2020\/07\/Bild-5-4-scaled.jpg 1912w\" sizes=\"(max-width: 765px) 100vw, 765px\" \/><\/figure><div class=\"wp-block-media-text__content\">\n<p><\/p>\n\n\n\n<p class=\"has-text-align-right has-white-color has-text-color\" style=\"font-size:18px\">Whether it&#039;s for a channel adjustment, a configuration, a box that no longer responds, for the evaluation of a broken device, to simplify the interaction of the different devices as much as possible, or just to put order in cabling, our experienced technicians will solve your problem, regardless of your content provider. <\/p>\n\n\n\n<p class=\"has-text-color\" style=\"color:#f8931f;font-size:25px\"><\/p>\n<\/div><\/div>\n\n\n\n<div style=\"height:62px\" aria-hidden=\"true\" class=\"wp-block-spacer\"><\/div>\n\n\n\n<div class=\"wp-block-media-text alignwide has-media-on-the-right is-stacked-on-mobile is-vertically-aligned-center is-image-fill has-text-color has-background\" style=\"color:#fabc0d;background-color:#413c3c;grid-template-columns:auto 62%\"><div class=\"wp-block-media-text__content\">\n<p><\/p>\n\n\n\n<p class=\"has-text-align-left has-white-color has-text-color\" style=\"font-size:18px\">We travel to your home with an equipped vehicle which allows us to always have what it takes to solve your technical problem. In the event of a breakdown, we provide a loan device for the duration of the repair.<\/p>\n<\/div><figure class=\"wp-block-media-text__media\" style=\"background-image:url(https:\/\/bula-v2024.provisoire.ch\/wp-content\/uploads\/2023\/02\/Untitled-design-3.png);background-position:96% 62%\"><img loading=\"lazy\" decoding=\"async\" width=\"1920\" height=\"600\" src=\"https:\/\/bula-v2024.provisoire.ch\/wp-content\/uploads\/2023\/02\/Untitled-design-3.png\" alt=\"\" class=\"wp-image-4561 size-full\" srcset=\"https:\/\/bula-v2024.provisoire.ch\/wp-content\/uploads\/2023\/02\/Untitled-design-3.png 1920w, https:\/\/bula-v2024.provisoire.ch\/wp-content\/uploads\/2023\/02\/Untitled-design-3-600x188.png 600w, https:\/\/bula-v2024.provisoire.ch\/wp-content\/uploads\/2023\/02\/Untitled-design-3-300x94.png 300w, https:\/\/bula-v2024.provisoire.ch\/wp-content\/uploads\/2023\/02\/Untitled-design-3-1024x320.png 1024w, https:\/\/bula-v2024.provisoire.ch\/wp-content\/uploads\/2023\/02\/Untitled-design-3-768x240.png 768w, https:\/\/bula-v2024.provisoire.ch\/wp-content\/uploads\/2023\/02\/Untitled-design-3-1536x480.png 1536w, https:\/\/bula-v2024.provisoire.ch\/wp-content\/uploads\/2023\/02\/Untitled-design-3-18x6.png 18w, https:\/\/bula-v2024.provisoire.ch\/wp-content\/uploads\/2023\/02\/Untitled-design-3-1080x338.png 1080w\" sizes=\"(max-width: 1920px) 100vw, 1920px\" \/><\/figure><\/div>\n\n\n\n<div style=\"height:100px\" aria-hidden=\"true\" class=\"wp-block-spacer\"><\/div>\n\n\n\n<div class=\"wp-block-buttons is-content-justification-center is-layout-flex wp-container-core-buttons-is-layout-1 wp-block-buttons-is-layout-flex\"><\/div>","protected":false},"excerpt":{"rendered":"<p>Suite \u00e0 votre appel, Nous intervenons \u00e0 domicile \u00e0 l&rsquo;heure et \u00e0 la date convenue. Nous pouvons agir sur toutes les marques et tout type d&rsquo;appareil d&rsquo;\u00e9lectronique de divertissement. Que ce soit pour un r\u00e9glage de cha\u00eene, une configuration, une box qui ne r\u00e9pond plus, pour l&rsquo;\u00e9valuation d&rsquo;un appareil en [&hellip;]<\/p>\n","protected":false},"author":5,"featured_media":0,"parent":4450,"menu_order":0,"comment_status":"closed","ping_status":"closed","template":"","meta":{"_acf_changed":false,"_themeisle_gutenberg_block_has_review":false,"footnotes":""},"class_list":["post-4545","page","type-page","status-publish","hentry"],"acf":[],"_links":{"self":[{"href":"https:\/\/bula-v2024.provisoire.ch\/en\/wp-json\/wp\/v2\/pages\/4545"}],"collection":[{"href":"https:\/\/bula-v2024.provisoire.ch\/en\/wp-json\/wp\/v2\/pages"}],"about":[{"href":"https:\/\/bula-v2024.provisoire.ch\/en\/wp-json\/wp\/v2\/types\/page"}],"author":[{"embeddable":true,"href":"https:\/\/bula-v2024.provisoire.ch\/en\/wp-json\/wp\/v2\/users\/5"}],"replies":[{"embeddable":true,"href":"https:\/\/bula-v2024.provisoire.ch\/en\/wp-json\/wp\/v2\/comments?post=4545"}],"version-history":[{"count":15,"href":"https:\/\/bula-v2024.provisoire.ch\/en\/wp-json\/wp\/v2\/pages\/4545\/revisions"}],"predecessor-version":[{"id":5459,"href":"https:\/\/bula-v2024.provisoire.ch\/en\/wp-json\/wp\/v2\/pages\/4545\/revisions\/5459"}],"up":[{"embeddable":true,"href":"https:\/\/bula-v2024.provisoire.ch\/en\/wp-json\/wp\/v2\/pages\/4450"}],"wp:attachment":[{"href":"https:\/\/bula-v2024.provisoire.ch\/en\/wp-json\/wp\/v2\/media?parent=4545"}],"curies":[{"name":"wp","href":"https:\/\/api.w.org\/{rel}","templated":true}]}}