{"id":4644,"date":"2023-03-13T16:46:39","date_gmt":"2023-03-13T14:46:39","guid":{"rendered":"https:\/\/bula-v2024.provisoire.ch\/?page_id=4644"},"modified":"2023-12-28T16:00:54","modified_gmt":"2023-12-28T14:00:54","slug":"digital-signage","status":"publish","type":"page","link":"https:\/\/bula-v2024.provisoire.ch\/en\/solutions-pro\/digital-signage\/","title":{"rendered":"Dynamic dispaly"},"content":{"rendered":"<p class=\"has-text-align-center\" style=\"font-size:28px\">We are convinced that digital signage is a privileged communication platform to engage in conversation with its target audience.<\/p>\n\n\n\n<p class=\"has-text-align-center has-medium-font-size\"><strong>We work, among other things, with the brand <a href=\"https:\/\/bula-v2024.provisoire.ch\/en\/spinetix\/\">SpinetiX<\/a>, a Swiss company, to offer our customers cutting-edge technology that contributes to their success.<\/strong><\/p>\n\n\n<!-- Final Tiles Grid Gallery for WordPress v3.6.13 free --><style>#ftg-3030 .tile .icon { color:#ffffff; }#ftg-3030 .ftg-items .loading-bar i { background:#666; }#ftg-3030 .ftg-items .loading-bar { background:#fff; }#ftg-3030 .tile .icon { font-size:12px; }#ftg-3030 .tile .icon { margin: -6px 0 0 -6px; }#ftg-3030 .tile .caption-block .text-wrapper span.text { font-size:14px; }#ftg-3030 .tile .caption-outside .text-wrapper span.text { font-size:14px; }#ftg-3030 .tile .caption-block .text-wrapper span.title { font-size:20px; }#ftg-3030 .tile .caption-outside .text-wrapper span.title { font-size:20px; }#ftg-3030 .tile { background-color: transparent; }#ftg-3030 .tile .caption-block .text-wrapper span.text { color: #ffffff; }#ftg-3030 .tile .caption-block .text-wrapper span.title { color: #ffffff; }#ftg-3030 .tile .caption-outside .text-wrapper span.text { color: #ffffff; }#ftg-3030 .tile .caption-outside .text-wrapper span.title { color: #ffffff; }#ftg-3030 .tile .ftg-social a { color: #ffffff; }#ftg-3030 .tile .caption-block { transition-timing-function:ease; }#ftg-3030 .tile .caption-block { transition-duration:0.25s; }#ftg-3030 .tile .tile-inner:before { background-color: #000000; }#ftg-3030 .tile .tile-inner:before { background-color: rgba(0, 0, 0, 0.8); }#ftg-3030 .tile:hover img {-moz-transform: -moz-rotate(0deg) -moz-scale(0) ;-webkit-transform: -webkit-rotate(0deg) -webkit-scale(0) ;-o-transform: -o-rotate(0deg) -o-scale(0) ;-ms-transform: -ms-rotate(0deg) -ms-scale(0) ;transform: rotate(0deg) scale(0) ;}<\/style><a name=\"30\"><\/a><div class=\"final-tiles-gallery  ftg-hover-enabled caption-inside  caption-none caption-middle caption-center\" id=\"ftg-3030\" style=\"width: 100%\"><div class='ftg-items'><div class='loading-bar'><i><\/i><\/div><div  class='tile ftg-preload'><a title=\"Dynamic display in portrait mode.\" data-lightbox='ftg-3030' rel='ftg-3030'  class='tile-inner  ftg-lightbox' href='https:\/\/bulasa.provisoire.ch\/wp-content\/uploads\/2021\/02\/signage-vertical.jpg' ><img alt='Dynamic display in portrait mode.' class='item skip-lazy' data-class='item' data-ftg-source='https:\/\/bula-v2024.provisoire.ch\/wp-content\/uploads\/2021\/02\/signage-vertical-1024x849.jpg' src='https:\/\/bula-v2024.provisoire.ch\/wp-content\/uploads\/2021\/02\/signage-vertical-1024x849.jpg' width='750' height='622' \/><div class='caption-block'><div class='text-wrapper'><span class='title'>Dynamic display in portrait mode.<\/span><\/div><\/div><\/a><div class='ftg-social'><\/div><\/div><div  class='tile ftg-preload'><a title=\"Giant outdoor LED screen - The contents of this display are managed remotely.\" data-lightbox='ftg-3030' rel='ftg-3030'  class='tile-inner  ftg-lightbox' href='https:\/\/bulasa.provisoire.ch\/wp-content\/uploads\/2020\/05\/Ecran-LED_1.jpg' ><img alt='Giant outdoor LED screen - The contents of this display are managed remotely.' class='item skip-lazy' data-class='item' data-ftg-source='https:\/\/bula-v2024.provisoire.ch\/wp-content\/uploads\/2020\/05\/Ecran-LED_1-1024x576.jpg' src='https:\/\/bula-v2024.provisoire.ch\/wp-content\/uploads\/2020\/05\/Ecran-LED_1-1024x576.jpg' width='750' height='422' \/><div class='caption-block'><div class='text-wrapper'><span class='title'>Giant outdoor LED screen - The contents of this display are managed remotely.<\/span><\/div><\/div><\/a><div class='ftg-social'><\/div><\/div><div  class='tile ftg-preload'><a title=\"Pharmacy - Installation of 4 screens with 4 SpinetiX Diva in Arya mode. Front view\" data-lightbox='ftg-3030' rel='ftg-3030'  class='tile-inner  ftg-lightbox' href='https:\/\/bulasa.provisoire.ch\/wp-content\/uploads\/2020\/04\/DSC_0008.jpeg' ><img alt='Pharmacy - Installation of 4 screens with 4 SpinetiX Diva in Arya mode. Front view' class='item skip-lazy' data-class='item' data-ftg-source='https:\/\/bula-v2024.provisoire.ch\/wp-content\/uploads\/2020\/04\/DSC_0008-1024x355.jpeg' src='https:\/\/bula-v2024.provisoire.ch\/wp-content\/uploads\/2020\/04\/DSC_0008-1024x355.jpeg' width='750' height='260' \/><div class='caption-block'><div class='text-wrapper'><span class='title'>Pharmacy - Installation of 4 screens with 4 SpinetiX Diva in Arya mode. Front view<\/span><\/div><\/div><\/a><div class='ftg-social'><\/div><\/div><div  class='tile ftg-preload'><a title=\"Pharmacy - Installation of 4 screens with 4 SpinetiX Diva in Arya mode. Back view\" data-lightbox='ftg-3030' rel='ftg-3030'  class='tile-inner  ftg-lightbox' href='https:\/\/bulasa.provisoire.ch\/wp-content\/uploads\/2020\/04\/Pharmaci-Corcelles-8.jpg' ><img alt='Pharmacy - Installation of 4 screens with 4 SpinetiX Diva in Arya mode. Back view' class='item skip-lazy' data-class='item' data-ftg-source='https:\/\/bula-v2024.provisoire.ch\/wp-content\/uploads\/2020\/04\/Pharmaci-Corcelles-8.jpg' src='https:\/\/bula-v2024.provisoire.ch\/wp-content\/uploads\/2020\/04\/Pharmaci-Corcelles-8.jpg' width='4928' height='3264' \/><div class='caption-block'><div class='text-wrapper'><span class='title'>Pharmacy - Installation of 4 screens with 4 SpinetiX Diva in Arya mode. Back view<\/span><\/div><\/div><\/a><div class='ftg-social'><\/div><\/div><div  class='tile ftg-preload'><a title=\"Signal de Bougy - 2 video walls of 2x2 Nec screens controlled by 2 Brightsign readers\" data-lightbox='ftg-3030' rel='ftg-3030'  class='tile-inner  ftg-lightbox' href='https:\/\/bulasa.provisoire.ch\/wp-content\/uploads\/2017\/10\/service-2.jpg' ><img alt='Signal de Bougy - 2 video walls of 2x2 Nec screens controlled by 2 Brightsign readers' class='item skip-lazy' data-class='item' data-ftg-source='https:\/\/bula-v2024.provisoire.ch\/wp-content\/uploads\/2017\/10\/service-2-1024x706.jpg' src='https:\/\/bula-v2024.provisoire.ch\/wp-content\/uploads\/2017\/10\/service-2-1024x706.jpg' width='750' height='517' \/><div class='caption-block'><div class='text-wrapper'><span class='title'>Signal de Bougy - 2 video walls of 2x2 Nec screens controlled by 2 Brightsign readers<\/span><\/div><\/div><\/a><div class='ftg-social'><\/div><\/div><\/div><\/div>\n\n\n\n<div style=\"height:62px\" aria-hidden=\"true\" class=\"wp-block-spacer\"><\/div>\n\n\n\n<div style=\"height:62px\" aria-hidden=\"true\" class=\"wp-block-spacer\"><\/div>\n\n\n\n<div class=\"wp-block-buttons is-content-justification-center is-layout-flex wp-container-core-buttons-is-layout-1 wp-block-buttons-is-layout-flex\"><\/div>\n\n\n<p><iframe loading=\"lazy\" width=\"923\" height=\"519\" src=\"https:\/\/www.youtube.com\/embed\/wqN1FxVnUl0?list=PLQtctqozdeeWY3iVaBUu34BkhQZcfQrIA\" title=\"SpinetiX ARYA\" frameborder=\"0\" allow=\"accelerometer; autoplay; clipboard-write; encrypted-media; gyroscope; picture-in-picture; web-share\" allowfullscreen=\"\"><\/iframe><\/p>","protected":false},"excerpt":{"rendered":"<p>Nous sommes convaincus que l\u2019affichage dynamique est une plate-forme de communication privil\u00e9gi\u00e9e pour engager la conversation avec son public cible. Nous travaillons entre autre avec la marque SpinetiX, une entreprise suisse, afin d\u2019offrir \u00e0 nos clients une technologie de pointe qui contribue \u00e0 leur succ\u00e8s.<\/p>","protected":false},"author":5,"featured_media":0,"parent":4572,"menu_order":0,"comment_status":"closed","ping_status":"closed","template":"","meta":{"_acf_changed":false,"_themeisle_gutenberg_block_has_review":false,"footnotes":""},"class_list":["post-4644","page","type-page","status-publish","hentry"],"acf":[],"_links":{"self":[{"href":"https:\/\/bula-v2024.provisoire.ch\/en\/wp-json\/wp\/v2\/pages\/4644"}],"collection":[{"href":"https:\/\/bula-v2024.provisoire.ch\/en\/wp-json\/wp\/v2\/pages"}],"about":[{"href":"https:\/\/bula-v2024.provisoire.ch\/en\/wp-json\/wp\/v2\/types\/page"}],"author":[{"embeddable":true,"href":"https:\/\/bula-v2024.provisoire.ch\/en\/wp-json\/wp\/v2\/users\/5"}],"replies":[{"embeddable":true,"href":"https:\/\/bula-v2024.provisoire.ch\/en\/wp-json\/wp\/v2\/comments?post=4644"}],"version-history":[{"count":44,"href":"https:\/\/bula-v2024.provisoire.ch\/en\/wp-json\/wp\/v2\/pages\/4644\/revisions"}],"predecessor-version":[{"id":5599,"href":"https:\/\/bula-v2024.provisoire.ch\/en\/wp-json\/wp\/v2\/pages\/4644\/revisions\/5599"}],"up":[{"embeddable":true,"href":"https:\/\/bula-v2024.provisoire.ch\/en\/wp-json\/wp\/v2\/pages\/4572"}],"wp:attachment":[{"href":"https:\/\/bula-v2024.provisoire.ch\/en\/wp-json\/wp\/v2\/media?parent=4644"}],"curies":[{"name":"wp","href":"https:\/\/api.w.org\/{rel}","templated":true}]}}