{"id":4939,"date":"2023-05-08T15:14:13","date_gmt":"2023-05-08T13:14:13","guid":{"rendered":"https:\/\/bula-v2024.provisoire.ch\/?page_id=4939"},"modified":"2023-10-23T15:29:10","modified_gmt":"2023-10-23T13:29:10","slug":"service-de-location","status":"publish","type":"page","link":"https:\/\/bula-v2024.provisoire.ch\/en\/our-services-2\/rental-service\/","title":{"rendered":"Rental service"},"content":{"rendered":"<div class=\"wp-block-media-text alignwide has-media-on-the-right is-stacked-on-mobile is-vertically-aligned-center is-image-fill has-white-color has-text-color has-background\" style=\"background-color:#413c3c;grid-template-columns:auto 62%\"><div class=\"wp-block-media-text__content\">\n<p style=\"font-size:25px\"> Sound system for public or private events<\/p>\n\n\n\n<p class=\"has-white-color has-text-color\" style=\"font-size:18px\">For the atmosphere or for the performance, we supply and install everything that will delight the ears of your customers and the public, whether in party rooms, community halls, schools or theaters.<\/p>\n<\/div><figure class=\"wp-block-media-text__media\" style=\"background-image:url(https:\/\/bula-v2024.provisoire.ch\/wp-content\/uploads\/2023\/05\/music-technology-studio-button-electronics-audio-55267-pxhere.com_-1024x683.jpg);background-position:61% 38%\"><img loading=\"lazy\" decoding=\"async\" width=\"1024\" height=\"683\" src=\"https:\/\/bula-v2024.provisoire.ch\/wp-content\/uploads\/2023\/05\/music-technology-studio-button-electronics-audio-55267-pxhere.com_-1024x683.jpg\" alt=\"\" class=\"wp-image-4944 size-full\" srcset=\"https:\/\/bula-v2024.provisoire.ch\/wp-content\/uploads\/2023\/05\/music-technology-studio-button-electronics-audio-55267-pxhere.com_-1024x683.jpg 1024w, https:\/\/bula-v2024.provisoire.ch\/wp-content\/uploads\/2023\/05\/music-technology-studio-button-electronics-audio-55267-pxhere.com_-scaled-600x400.jpg 600w, https:\/\/bula-v2024.provisoire.ch\/wp-content\/uploads\/2023\/05\/music-technology-studio-button-electronics-audio-55267-pxhere.com_-300x200.jpg 300w, https:\/\/bula-v2024.provisoire.ch\/wp-content\/uploads\/2023\/05\/music-technology-studio-button-electronics-audio-55267-pxhere.com_-768x512.jpg 768w, https:\/\/bula-v2024.provisoire.ch\/wp-content\/uploads\/2023\/05\/music-technology-studio-button-electronics-audio-55267-pxhere.com_-1536x1024.jpg 1536w, https:\/\/bula-v2024.provisoire.ch\/wp-content\/uploads\/2023\/05\/music-technology-studio-button-electronics-audio-55267-pxhere.com_-2048x1365.jpg 2048w, https:\/\/bula-v2024.provisoire.ch\/wp-content\/uploads\/2023\/05\/music-technology-studio-button-electronics-audio-55267-pxhere.com_-18x12.jpg 18w\" sizes=\"(max-width: 1024px) 100vw, 1024px\" \/><\/figure><\/div>\n\n\n\n<div style=\"height:62px\" aria-hidden=\"true\" class=\"wp-block-spacer\"><\/div>\n\n\n\n<div style=\"height:11px\" aria-hidden=\"true\" class=\"wp-block-spacer\"><\/div>\n\n\n\n<div class=\"wp-block-media-text alignwide is-stacked-on-mobile is-vertically-aligned-center is-image-fill has-text-color has-background\" style=\"color:#fabc0d;background-color:#413c3c;grid-template-columns:62% auto\"><figure class=\"wp-block-media-text__media\" style=\"background-image:url(https:\/\/bula-v2024.provisoire.ch\/wp-content\/uploads\/2023\/10\/tv-pied-de-sol-roulette-3-1024x614.jpg);background-position:58% 55%\"><img loading=\"lazy\" decoding=\"async\" width=\"1024\" height=\"614\" src=\"https:\/\/bula-v2024.provisoire.ch\/wp-content\/uploads\/2023\/10\/tv-pied-de-sol-roulette-3-1024x614.jpg\" alt=\"\" class=\"wp-image-5291 size-full\" srcset=\"https:\/\/bula-v2024.provisoire.ch\/wp-content\/uploads\/2023\/10\/tv-pied-de-sol-roulette-3-1024x614.jpg 1024w, https:\/\/bula-v2024.provisoire.ch\/wp-content\/uploads\/2023\/10\/tv-pied-de-sol-roulette-3-300x180.jpg 300w, https:\/\/bula-v2024.provisoire.ch\/wp-content\/uploads\/2023\/10\/tv-pied-de-sol-roulette-3-768x461.jpg 768w, https:\/\/bula-v2024.provisoire.ch\/wp-content\/uploads\/2023\/10\/tv-pied-de-sol-roulette-3-1536x922.jpg 1536w, https:\/\/bula-v2024.provisoire.ch\/wp-content\/uploads\/2023\/10\/tv-pied-de-sol-roulette-3-2048x1229.jpg 2048w, https:\/\/bula-v2024.provisoire.ch\/wp-content\/uploads\/2023\/10\/tv-pied-de-sol-roulette-3-18x12.jpg 18w\" sizes=\"(max-width: 1024px) 100vw, 1024px\" \/><\/figure><div class=\"wp-block-media-text__content\">\n<p class=\"has-text-align-right has-white-color has-text-color\" style=\"font-size:25px\">Rental of screens or projection system.<\/p>\n\n\n\n<p class=\"has-text-align-right has-white-color has-text-color\" style=\"font-size:18px\">Screen on floor stand or fixed in a canteen, projector with large screen, rent with or without installation everything you need for your event.<\/p>\n<\/div><\/div>\n\n\n\n<div style=\"height:62px\" aria-hidden=\"true\" class=\"wp-block-spacer\"><\/div>\n\n\n\n<div style=\"height:100px\" aria-hidden=\"true\" class=\"wp-block-spacer\"><\/div>\n\n\n\n<div class=\"wp-block-buttons is-content-justification-center is-layout-flex wp-container-core-buttons-is-layout-1 wp-block-buttons-is-layout-flex\"><\/div>","protected":false},"excerpt":{"rendered":"<p>Sonorisation d\u2019\u00e9v\u00e9nements publiques ou priv\u00e9s Pour l\u2019ambiance ou pour la performance, nous fournissons et installons tout ce qui enchantera les oreilles de vos clients et du public, que ce soit dans des salles de f\u00eates, salles communales, \u00e9coles ou th\u00e9\u00e2tres Location d&rsquo;\u00e9crans ou de syst\u00e8me de projection. Ecran sur pied [&hellip;]<\/p>\n","protected":false},"author":5,"featured_media":0,"parent":4450,"menu_order":0,"comment_status":"closed","ping_status":"closed","template":"","meta":{"_acf_changed":false,"_themeisle_gutenberg_block_has_review":false,"footnotes":""},"class_list":["post-4939","page","type-page","status-publish","hentry"],"acf":[],"_links":{"self":[{"href":"https:\/\/bula-v2024.provisoire.ch\/en\/wp-json\/wp\/v2\/pages\/4939"}],"collection":[{"href":"https:\/\/bula-v2024.provisoire.ch\/en\/wp-json\/wp\/v2\/pages"}],"about":[{"href":"https:\/\/bula-v2024.provisoire.ch\/en\/wp-json\/wp\/v2\/types\/page"}],"author":[{"embeddable":true,"href":"https:\/\/bula-v2024.provisoire.ch\/en\/wp-json\/wp\/v2\/users\/5"}],"replies":[{"embeddable":true,"href":"https:\/\/bula-v2024.provisoire.ch\/en\/wp-json\/wp\/v2\/comments?post=4939"}],"version-history":[{"count":16,"href":"https:\/\/bula-v2024.provisoire.ch\/en\/wp-json\/wp\/v2\/pages\/4939\/revisions"}],"predecessor-version":[{"id":5472,"href":"https:\/\/bula-v2024.provisoire.ch\/en\/wp-json\/wp\/v2\/pages\/4939\/revisions\/5472"}],"up":[{"embeddable":true,"href":"https:\/\/bula-v2024.provisoire.ch\/en\/wp-json\/wp\/v2\/pages\/4450"}],"wp:attachment":[{"href":"https:\/\/bula-v2024.provisoire.ch\/en\/wp-json\/wp\/v2\/media?parent=4939"}],"curies":[{"name":"wp","href":"https:\/\/api.w.org\/{rel}","templated":true}]}}