{"id":5253,"date":"2023-10-09T11:34:17","date_gmt":"2023-10-09T09:34:17","guid":{"rendered":"https:\/\/bula-v2024.provisoire.ch\/?page_id=5253"},"modified":"2023-10-23T14:42:04","modified_gmt":"2023-10-23T12:42:04","slug":"panasonic","status":"publish","type":"page","link":"https:\/\/bula-v2024.provisoire.ch\/en\/products-and-brands\/panasonic\/","title":{"rendered":"panasonic"},"content":{"rendered":"<p>&nbsp;<\/p>\n\n\n\n<p class=\"has-text-align-center\" style=\"font-size:25px\"><strong>Home cinema transformed with cutting-edge picture and sound<\/strong><\/p>\n\n\n\n<div style=\"height:17px\" aria-hidden=\"true\" class=\"wp-block-spacer\"><\/div>\n\n\n\n<p class=\"has-text-align-center\" style=\"font-size:25px\">Revolutionize home entertainment with our flagship LZC2004 Series TV. Immerse yourself in movies, quality TV, sports and games with our next-generation screen technology that delivers stunningly realistic images with improved brightness, a new range of speakers and in-depth gaming. HDMI 2.1.<\/p>\n\n\n\n<div style=\"height:32px\" aria-hidden=\"true\" class=\"wp-block-spacer\"><\/div>\n\n\n\n<hr class=\"wp-block-separator has-alpha-channel-opacity is-style-default\"\/>\n\n\n\n<div class=\"wp-block-cover is-repeated\"><span aria-hidden=\"true\" class=\"wp-block-cover__background has-background-dim-10 has-background-dim\"><\/span><div role=\"img\" class=\"wp-block-cover__image-background wp-image-5431 is-repeated\" style=\"background-position:50% 50%;background-image:url(https:\/\/bula-v2024.provisoire.ch\/wp-content\/uploads\/2023\/10\/image-11-1024x478.png)\"><\/div><div class=\"wp-block-cover__inner-container is-layout-flow wp-block-cover-is-layout-flow\">\n<p class=\"has-text-align-center has-white-color has-text-color has-large-font-size\">The OLED fascination <\/p>\n\n\n\n<p class=\"has-text-align-center has-white-color has-text-color has-large-font-size\">in the front of the scene<\/p>\n<\/div><\/div>\n\n\n\n<div style=\"height:49px\" aria-hidden=\"true\" class=\"wp-block-spacer\"><\/div>\n\n\n\n<p class=\"has-text-align-center\" style=\"font-size:25px\"><strong>Immersive sound: so you feel like you&#039;re really there<\/strong><\/p>\n\n\n\n<div style=\"height:34px\" aria-hidden=\"true\" class=\"wp-block-spacer\"><\/div>\n\n\n\n<div class=\"wp-block-media-text alignwide is-stacked-on-mobile is-image-fill is-style-default has-background\" style=\"background-color:#413c3c\"><figure class=\"wp-block-media-text__media\" style=\"background-image:url(https:\/\/www.panasonic.com\/content\/dam\/pim\/ch\/fr\/TX\/TX-55L\/TX-55LZC2004\/ast-1514869.jpg.pub.thumb.644.644.jpg);background-position:50% 50%\"><img decoding=\"async\" src=\"https:\/\/www.panasonic.com\/content\/dam\/pim\/ch\/fr\/TX\/TX-55L\/TX-55LZC2004\/ast-1514869.jpg.pub.thumb.644.644.jpg\" alt=\"Array Speaker System\"\/><\/figure><div class=\"wp-block-media-text__content\">\n<p><\/p>\n\n\n\n<h4 class=\"has-white-color has-text-color wp-block-heading\">Array Speaker System<\/h4>\n\n\n\n<p class=\"has-white-color has-text-color\">Array Speaker System \u2013 Our new Array Speaker system ensures accurate sound and allows users to take advantage of our unique Beam Forming feature. These small speakers can be used to provide localized sound control and create zones of different sound levels. Users can experience more accurate sound quality, while minimizing potential distractions to others.<\/p>\n<\/div><\/div>\n\n\n\n<div style=\"height:62px\" aria-hidden=\"true\" class=\"wp-block-spacer\"><\/div>\n\n\n\n<div class=\"wp-block-media-text alignwide has-media-on-the-right is-stacked-on-mobile is-image-fill has-white-color has-text-color has-background\" style=\"background-color:#413c3c\"><div class=\"wp-block-media-text__content\">\n<h4 class=\"has-white-color has-text-color wp-block-heading\">360\u00b0 Soundscape Pro<\/h4>\n\n\n\n<p>360\u00b0 Soundscape Pro \u2013 Our unique, built-in 360\u00b0 Soundscape Pro audio system transports you from the couch to the heart of the action. Built-in top-firing and now side-firing speakers, tuned by Technics, use Dolby Atmos\u00ae to immerse you in the movie.<\/p>\n<\/div><figure class=\"wp-block-media-text__media\" style=\"background-image:url(https:\/\/www.panasonic.com\/content\/dam\/pim\/ch\/fr\/TX\/TX-55L\/TX-55LZC2004\/ast-1516762.jpg.pub.thumb.644.644.jpg);background-position:51% 86%\"><img decoding=\"async\" src=\"https:\/\/www.panasonic.com\/content\/dam\/pim\/ch\/fr\/TX\/TX-55L\/TX-55LZC2004\/ast-1516762.jpg.pub.thumb.644.644.jpg\" alt=\"360\u00b0 Soundscape Pro\"\/><\/figure><\/div>\n\n\n\n<div style=\"height:62px\" aria-hidden=\"true\" class=\"wp-block-spacer\"><\/div>\n\n\n\n<div class=\"wp-block-media-text alignwide is-stacked-on-mobile is-image-fill has-background\" style=\"background-color:#413c3c\"><figure class=\"wp-block-media-text__media\" style=\"background-image:url(https:\/\/bula-v2024.provisoire.ch\/wp-content\/uploads\/2023\/10\/image-3.png);background-position:50% 50%\"><img loading=\"lazy\" decoding=\"async\" width=\"644\" height=\"644\" src=\"https:\/\/bula-v2024.provisoire.ch\/wp-content\/uploads\/2023\/10\/image-3.png\" alt=\"\" class=\"wp-image-5325 size-full\" srcset=\"https:\/\/bula-v2024.provisoire.ch\/wp-content\/uploads\/2023\/10\/image-3.png 644w, https:\/\/bula-v2024.provisoire.ch\/wp-content\/uploads\/2023\/10\/image-3-300x300.png 300w, https:\/\/bula-v2024.provisoire.ch\/wp-content\/uploads\/2023\/10\/image-3-150x150.png 150w, https:\/\/bula-v2024.provisoire.ch\/wp-content\/uploads\/2023\/10\/image-3-12x12.png 12w, https:\/\/bula-v2024.provisoire.ch\/wp-content\/uploads\/2023\/10\/image-3-90x90.png 90w, https:\/\/bula-v2024.provisoire.ch\/wp-content\/uploads\/2023\/10\/image-3-160x160.png 160w, https:\/\/bula-v2024.provisoire.ch\/wp-content\/uploads\/2023\/10\/image-3-255x255.png 255w, https:\/\/bula-v2024.provisoire.ch\/wp-content\/uploads\/2023\/10\/image-3-350x350.png 350w, https:\/\/bula-v2024.provisoire.ch\/wp-content\/uploads\/2023\/10\/image-3-510x510.png 510w\" sizes=\"(max-width: 644px) 100vw, 644px\" \/><\/figure><div class=\"wp-block-media-text__content\">\n<h4 class=\"has-white-color has-text-color wp-block-heading\">Optimal brightness and colors, in all conditions<\/h4>\n\n\n\n<p class=\"has-white-color has-text-color\">Multi HDR format: through support for all HDR formats, our quality televisions ensure the best possible performance, whatever the source of the images. Brightness and colors are optimized scene by scene, whether the source is in Dolby Vision, HLG, HDR10 or the new HDR10+ format.<\/p>\n<\/div><\/div>\n\n\n\n<div style=\"height:48px\" aria-hidden=\"true\" class=\"wp-block-spacer\"><\/div>\n\n\n\n<p class=\"has-text-align-center\" style=\"font-size:25px\"><strong>Come and discover Panasonic products in one of our showrooms.<\/strong><\/p>\n\n\n\n<div style=\"height:50px\" aria-hidden=\"true\" class=\"wp-block-spacer\"><\/div>","protected":false},"excerpt":{"rendered":"<p>&nbsp; Le home cin\u00e9ma transform\u00e9 gr\u00e2ce \u00e0 une image et un son \u00e0 la pointe de la technologie R\u00e9volutionnez le divertissement \u00e0 domicile avec notre t\u00e9l\u00e9viseur vedette de la s\u00e9rie LZC2004. Plongez dans des films, programmes de t\u00e9l\u00e9vision de qualit\u00e9, \u00e9missions sportives et jeux gr\u00e2ce \u00e0 notre technologie d&rsquo;\u00e9cran nouvelle [&hellip;]<\/p>\n","protected":false},"author":5,"featured_media":0,"parent":1405,"menu_order":0,"comment_status":"closed","ping_status":"closed","template":"","meta":{"_acf_changed":false,"_themeisle_gutenberg_block_has_review":false,"footnotes":""},"class_list":["post-5253","page","type-page","status-publish","hentry"],"acf":[],"_links":{"self":[{"href":"https:\/\/bula-v2024.provisoire.ch\/en\/wp-json\/wp\/v2\/pages\/5253"}],"collection":[{"href":"https:\/\/bula-v2024.provisoire.ch\/en\/wp-json\/wp\/v2\/pages"}],"about":[{"href":"https:\/\/bula-v2024.provisoire.ch\/en\/wp-json\/wp\/v2\/types\/page"}],"author":[{"embeddable":true,"href":"https:\/\/bula-v2024.provisoire.ch\/en\/wp-json\/wp\/v2\/users\/5"}],"replies":[{"embeddable":true,"href":"https:\/\/bula-v2024.provisoire.ch\/en\/wp-json\/wp\/v2\/comments?post=5253"}],"version-history":[{"count":42,"href":"https:\/\/bula-v2024.provisoire.ch\/en\/wp-json\/wp\/v2\/pages\/5253\/revisions"}],"predecessor-version":[{"id":5435,"href":"https:\/\/bula-v2024.provisoire.ch\/en\/wp-json\/wp\/v2\/pages\/5253\/revisions\/5435"}],"up":[{"embeddable":true,"href":"https:\/\/bula-v2024.provisoire.ch\/en\/wp-json\/wp\/v2\/pages\/1405"}],"wp:attachment":[{"href":"https:\/\/bula-v2024.provisoire.ch\/en\/wp-json\/wp\/v2\/media?parent=5253"}],"curies":[{"name":"wp","href":"https:\/\/api.w.org\/{rel}","templated":true}]}}