{"id":5436,"date":"2023-10-23T14:44:22","date_gmt":"2023-10-23T12:44:22","guid":{"rendered":"https:\/\/bula-v2024.provisoire.ch\/?page_id=5436"},"modified":"2023-10-23T15:10:17","modified_gmt":"2023-10-23T13:10:17","slug":"lg-signature","status":"publish","type":"page","link":"https:\/\/bula-v2024.provisoire.ch\/en\/lg-signature\/","title":{"rendered":"LG Signature"},"content":{"rendered":"<p>&nbsp;<\/p>\n\n\n\n<div class=\"wp-block-cover aligncenter is-light\"><span aria-hidden=\"true\" class=\"wp-block-cover__background has-background-dim-0 has-background-dim\"><\/span><img loading=\"lazy\" decoding=\"async\" width=\"1600\" height=\"600\" class=\"wp-block-cover__image-background wp-image-5439\" alt=\"\" src=\"https:\/\/bula-v2024.provisoire.ch\/wp-content\/uploads\/2023\/10\/QNED-Category-Banner-Desktop-02.webp\" data-object-fit=\"cover\" srcset=\"https:\/\/bula-v2024.provisoire.ch\/wp-content\/uploads\/2023\/10\/QNED-Category-Banner-Desktop-02.webp 1600w, https:\/\/bula-v2024.provisoire.ch\/wp-content\/uploads\/2023\/10\/QNED-Category-Banner-Desktop-02-300x113.webp 300w, https:\/\/bula-v2024.provisoire.ch\/wp-content\/uploads\/2023\/10\/QNED-Category-Banner-Desktop-02-1024x384.webp 1024w, https:\/\/bula-v2024.provisoire.ch\/wp-content\/uploads\/2023\/10\/QNED-Category-Banner-Desktop-02-768x288.webp 768w, https:\/\/bula-v2024.provisoire.ch\/wp-content\/uploads\/2023\/10\/QNED-Category-Banner-Desktop-02-1536x576.webp 1536w, https:\/\/bula-v2024.provisoire.ch\/wp-content\/uploads\/2023\/10\/QNED-Category-Banner-Desktop-02-18x7.webp 18w\" sizes=\"(max-width: 1600px) 100vw, 1600px\" \/><div class=\"wp-block-cover__inner-container is-layout-flow wp-block-cover-is-layout-flow\">\n<p class=\"has-text-align-left has-black-color has-text-color\" style=\"font-size:25px\"><strong>The next step in <\/strong><\/p>\n\n\n\n<p class=\"has-text-align-left has-black-color has-text-color\" style=\"font-size:25px\"><strong>evolution <\/strong><\/p>\n\n\n\n<p class=\"has-text-align-left has-black-color has-text-color\" style=\"font-size:25px\"><strong>of the 4K LCD TV.<\/strong><\/p>\n\n\n\n<p class=\"has-text-align-left has-black-color has-text-color\" style=\"font-size:15px\"><strong>LG&#039;s QNED Mini LED TV makes TV go<\/strong><\/p>\n\n\n\n<p class=\"has-text-align-left has-black-color has-text-color\" style=\"font-size:15px\"><strong> 4K LCD to the next level with high brightness, <\/strong><\/p>\n\n\n\n<p class=\"has-text-align-left has-black-color has-text-color\" style=\"font-size:15px\"><strong>deep blacks and intense colors.<\/strong><\/p>\n<\/div><\/div>\n\n\n\n<div style=\"height:49px\" aria-hidden=\"true\" class=\"wp-block-spacer\"><\/div>\n\n\n\n<p class=\"has-text-align-center\" style=\"font-size:25px\">An LG TV is renowned for its exceptional and sleek design. Whether it is an OLED, SUPER UHD, UHD or FULL HD screen television, all our TVs offer breathtaking image and sound detail.<\/p>\n\n\n\n<div style=\"height:34px\" aria-hidden=\"true\" class=\"wp-block-spacer\"><\/div>\n\n\n\n<div class=\"wp-block-cover alignwide is-light is-style-default\"><span aria-hidden=\"true\" class=\"wp-block-cover__background has-background-dim-0 has-background-dim\" style=\"background-color:#413c3c\"><\/span><img loading=\"lazy\" decoding=\"async\" width=\"1024\" height=\"384\" class=\"wp-block-cover__image-background wp-image-5440\" alt=\"\" src=\"https:\/\/bula-v2024.provisoire.ch\/wp-content\/uploads\/2023\/10\/TV-OLED-Accessories-Banner-Desktop-1024x384.webp\" style=\"object-position:87% 42%\" data-object-fit=\"cover\" data-object-position=\"87% 42%\" srcset=\"https:\/\/bula-v2024.provisoire.ch\/wp-content\/uploads\/2023\/10\/TV-OLED-Accessories-Banner-Desktop-1024x384.webp 1024w, https:\/\/bula-v2024.provisoire.ch\/wp-content\/uploads\/2023\/10\/TV-OLED-Accessories-Banner-Desktop-300x113.webp 300w, https:\/\/bula-v2024.provisoire.ch\/wp-content\/uploads\/2023\/10\/TV-OLED-Accessories-Banner-Desktop-768x288.webp 768w, https:\/\/bula-v2024.provisoire.ch\/wp-content\/uploads\/2023\/10\/TV-OLED-Accessories-Banner-Desktop-1536x576.webp 1536w, https:\/\/bula-v2024.provisoire.ch\/wp-content\/uploads\/2023\/10\/TV-OLED-Accessories-Banner-Desktop-18x7.webp 18w, https:\/\/bula-v2024.provisoire.ch\/wp-content\/uploads\/2023\/10\/TV-OLED-Accessories-Banner-Desktop.webp 1600w\" sizes=\"(max-width: 1024px) 100vw, 1024px\" \/><div class=\"wp-block-cover__inner-container is-layout-flow wp-block-cover-is-layout-flow\">\n<h3 class=\"has-text-align-left has-black-color has-text-color wp-block-heading\">Designed to stand out.<\/h3>\n<\/div><\/div>\n\n\n\n<div style=\"height:62px\" aria-hidden=\"true\" class=\"wp-block-spacer\"><\/div>\n\n\n\n<div class=\"wp-block-cover alignwide has-custom-content-position is-position-center-right\"><span aria-hidden=\"true\" class=\"wp-block-cover__background has-background-dim-0 has-background-dim\" style=\"background-color:#413c3c\"><\/span><img loading=\"lazy\" decoding=\"async\" width=\"1600\" height=\"600\" class=\"wp-block-cover__image-background wp-image-5447\" alt=\"\" src=\"https:\/\/bula-v2024.provisoire.ch\/wp-content\/uploads\/2023\/10\/TV-OLED-SELF-LIT-Banner-1600x600-D.jpg\" style=\"object-position:97% 56%\" data-object-fit=\"cover\" data-object-position=\"97% 56%\" srcset=\"https:\/\/bula-v2024.provisoire.ch\/wp-content\/uploads\/2023\/10\/TV-OLED-SELF-LIT-Banner-1600x600-D.jpg 1600w, https:\/\/bula-v2024.provisoire.ch\/wp-content\/uploads\/2023\/10\/TV-OLED-SELF-LIT-Banner-1600x600-D-300x113.jpg 300w, https:\/\/bula-v2024.provisoire.ch\/wp-content\/uploads\/2023\/10\/TV-OLED-SELF-LIT-Banner-1600x600-D-1024x384.jpg 1024w, https:\/\/bula-v2024.provisoire.ch\/wp-content\/uploads\/2023\/10\/TV-OLED-SELF-LIT-Banner-1600x600-D-768x288.jpg 768w, https:\/\/bula-v2024.provisoire.ch\/wp-content\/uploads\/2023\/10\/TV-OLED-SELF-LIT-Banner-1600x600-D-1536x576.jpg 1536w, https:\/\/bula-v2024.provisoire.ch\/wp-content\/uploads\/2023\/10\/TV-OLED-SELF-LIT-Banner-1600x600-D-18x7.jpg 18w\" sizes=\"(max-width: 1600px) 100vw, 1600px\" \/><div class=\"wp-block-cover__inner-container is-layout-flow wp-block-cover-is-layout-flow\">\n<div class=\"wp-block-group is-vertical is-content-justification-right is-layout-flex wp-container-core-group-is-layout-1 wp-block-group-is-layout-flex\">\n<p class=\"has-text-align-right has-large-font-size\">The power of<\/p>\n\n\n\n<p class=\"has-text-align-right has-large-font-size\"> Self-emissive PIXELS<\/p>\n<\/div>\n<\/div><\/div>\n\n\n\n<div style=\"height:62px\" aria-hidden=\"true\" class=\"wp-block-spacer\"><\/div>\n\n\n\n<div class=\"wp-block-cover alignwide\"><span aria-hidden=\"true\" class=\"wp-block-cover__background has-background-dim-0 has-background-dim\" style=\"background-color:#413c3c\"><\/span><img loading=\"lazy\" decoding=\"async\" width=\"1024\" height=\"384\" class=\"wp-block-cover__image-background wp-image-5449\" alt=\"\" src=\"https:\/\/bula-v2024.provisoire.ch\/wp-content\/uploads\/2023\/10\/tv-oled-97G2-category-banner-desktop-2022_v1-1024x384.webp\" data-object-fit=\"cover\" srcset=\"https:\/\/bula-v2024.provisoire.ch\/wp-content\/uploads\/2023\/10\/tv-oled-97G2-category-banner-desktop-2022_v1-1024x384.webp 1024w, https:\/\/bula-v2024.provisoire.ch\/wp-content\/uploads\/2023\/10\/tv-oled-97G2-category-banner-desktop-2022_v1-300x113.webp 300w, https:\/\/bula-v2024.provisoire.ch\/wp-content\/uploads\/2023\/10\/tv-oled-97G2-category-banner-desktop-2022_v1-768x288.webp 768w, https:\/\/bula-v2024.provisoire.ch\/wp-content\/uploads\/2023\/10\/tv-oled-97G2-category-banner-desktop-2022_v1-1536x576.webp 1536w, https:\/\/bula-v2024.provisoire.ch\/wp-content\/uploads\/2023\/10\/tv-oled-97G2-category-banner-desktop-2022_v1-18x7.webp 18w, https:\/\/bula-v2024.provisoire.ch\/wp-content\/uploads\/2023\/10\/tv-oled-97G2-category-banner-desktop-2022_v1.webp 1600w\" sizes=\"(max-width: 1024px) 100vw, 1024px\" \/><div class=\"wp-block-cover__inner-container is-layout-flow wp-block-cover-is-layout-flow\">\n<h4 class=\"has-text-align-right has-white-color has-text-color wp-block-heading\">The world&#039;s greatest OLED wonder<\/h4>\n\n\n\n<p><\/p>\n\n\n\n<p class=\"has-text-align-right has-white-color has-text-color\">Discover the largest OLED screen of 97\u00a0<\/p>\n\n\n\n<p class=\"has-text-align-right has-white-color has-text-color\">inches to the world with blockbuster visuals <\/p>\n\n\n\n<p class=\"has-text-align-right has-white-color has-text-color\">that will amaze you.<\/p>\n<\/div><\/div>\n\n\n\n<div style=\"height:48px\" aria-hidden=\"true\" class=\"wp-block-spacer\"><\/div>\n\n\n\n<p class=\"has-text-align-center\" style=\"font-size:25px\"><strong>Come and discover LG Signature products in one of our showrooms.<\/strong><\/p>\n\n\n\n<div style=\"height:50px\" aria-hidden=\"true\" class=\"wp-block-spacer\"><\/div>","protected":false},"excerpt":{"rendered":"<p>&nbsp; Un t\u00e9l\u00e9viseur LG est r\u00e9put\u00e9 pour son design exceptionnel et \u00e9pur\u00e9. Que ce soit une t\u00e9l\u00e9vision \u00e0 \u00e9cran OLED, SUPER UHD, UHD ou FULL HD, toutes nos TV proposent un d\u00e9tail de l&rsquo;image et du son \u00e0 couper le souffle. Venez d\u00e9couvrir les produits LG Signature dans un de [&hellip;]<\/p>\n","protected":false},"author":5,"featured_media":0,"parent":0,"menu_order":0,"comment_status":"closed","ping_status":"closed","template":"","meta":{"_acf_changed":false,"_themeisle_gutenberg_block_has_review":false,"footnotes":""},"class_list":["post-5436","page","type-page","status-publish","hentry"],"acf":[],"_links":{"self":[{"href":"https:\/\/bula-v2024.provisoire.ch\/en\/wp-json\/wp\/v2\/pages\/5436"}],"collection":[{"href":"https:\/\/bula-v2024.provisoire.ch\/en\/wp-json\/wp\/v2\/pages"}],"about":[{"href":"https:\/\/bula-v2024.provisoire.ch\/en\/wp-json\/wp\/v2\/types\/page"}],"author":[{"embeddable":true,"href":"https:\/\/bula-v2024.provisoire.ch\/en\/wp-json\/wp\/v2\/users\/5"}],"replies":[{"embeddable":true,"href":"https:\/\/bula-v2024.provisoire.ch\/en\/wp-json\/wp\/v2\/comments?post=5436"}],"version-history":[{"count":11,"href":"https:\/\/bula-v2024.provisoire.ch\/en\/wp-json\/wp\/v2\/pages\/5436\/revisions"}],"predecessor-version":[{"id":5456,"href":"https:\/\/bula-v2024.provisoire.ch\/en\/wp-json\/wp\/v2\/pages\/5436\/revisions\/5456"}],"wp:attachment":[{"href":"https:\/\/bula-v2024.provisoire.ch\/en\/wp-json\/wp\/v2\/media?parent=5436"}],"curies":[{"name":"wp","href":"https:\/\/api.w.org\/{rel}","templated":true}]}}