{"id":5489,"date":"2023-12-11T16:04:57","date_gmt":"2023-12-11T14:04:57","guid":{"rendered":"https:\/\/bula-v2024.provisoire.ch\/?page_id=5489"},"modified":"2023-12-28T15:16:20","modified_gmt":"2023-12-28T13:16:20","slug":"spinetix","status":"publish","type":"page","link":"https:\/\/bula-v2024.provisoire.ch\/en\/solutions-pro\/digital-signage\/spinetix\/","title":{"rendered":"Dynamic display with Spinetix"},"content":{"rendered":"<p style=\"font-size:28px\">What is dynamic display?<\/p>\n\n\n\n<p>Dynamic signage is a new communication channel for dynamically displaying content on the screen such as images, videos, data, etc.<br>Dynamic signage is everywhere. Whether you&#039;re driving down the road, entering a restaurant or bank, going to an airport, or even going to a school, you won&#039;t go anywhere without seeing a digital screen or even a video wall displaying information and media.<\/p>\n\n\n\n<div style=\"height:40px\" aria-hidden=\"true\" class=\"wp-block-spacer\"><\/div>\n\n\n\n<p style=\"font-size:28px\">Why dynamic display?<\/p>\n\n\n\n<p>Digital signage gives you a way to better convey your message in real time and on any combination of screens. It allows you to better interact with your customers, employees, visitors, etc., via personalized content, at a reasonable cost. Digital signage is now accessible to all businesses, from small and medium-sized to large multinationals.<\/p>\n\n\n\n<div style=\"height:40px\" aria-hidden=\"true\" class=\"wp-block-spacer\"><\/div>\n\n\n\n<div class=\"wp-block-media-text alignwide is-stacked-on-mobile\" style=\"grid-template-columns:27% auto\"><figure class=\"wp-block-media-text__media\"><img decoding=\"async\" src=\"https:\/\/www.spinetix.com\/sites\/default\/files\/2019-11\/elevate-your-branding-with-digital-signage-icon.png\" alt=\"icon showing increasing value in communication\"\/><\/figure><div class=\"wp-block-media-text__content\">\n<p class=\"has-medium-font-size\">TAKE CARE OF YOUR IMAGE<\/p>\n\n\n\n<p>Differentiate yourself by creating unique visual experiences.<\/p>\n<\/div><\/div>\n\n\n\n<div class=\"wp-block-media-text alignwide is-stacked-on-mobile\" style=\"grid-template-columns:27% auto\"><figure class=\"wp-block-media-text__media\"><img decoding=\"async\" src=\"https:\/\/www.spinetix.com\/sites\/default\/files\/2019-11\/target-the-right-audience-icon.png\" alt=\"target icon with center \"\/><\/figure><div class=\"wp-block-media-text__content\">\n<p class=\"has-text-align-left has-medium-font-size\">TARGET YOUR MESSAGE<\/p>\n\n\n\n<p class=\"has-text-align-left\">Interact effectively with visitors through personalized messages.<\/p>\n<\/div><\/div>\n\n\n\n<div class=\"wp-block-media-text alignwide is-stacked-on-mobile\" style=\"grid-template-columns:27% auto\"><figure class=\"wp-block-media-text__media\"><img decoding=\"async\" src=\"https:\/\/www.spinetix.com\/sites\/default\/files\/2019-11\/reduce-your-costs-with-signage-icon.png\" alt=\"icon showing improving your brand image\"\/><\/figure><div class=\"wp-block-media-text__content\">\n<p class=\"has-text-align-left has-medium-font-size\">REDUCE YOUR COSTS<\/p>\n\n\n\n<p class=\"has-text-align-left\">Becoming more agile with technology<br>and remove static printed display.<\/p>\n<\/div><\/div>\n\n\n\n<div class=\"wp-block-media-text alignwide is-stacked-on-mobile\" style=\"grid-template-columns:27% auto\"><figure class=\"wp-block-media-text__media\"><img decoding=\"async\" src=\"https:\/\/www.spinetix.com\/sites\/default\/files\/2019-11\/increase-value-of-your-communication-icon.png\" alt=\"target icon with center \"\/><\/figure><div class=\"wp-block-media-text__content\">\n<p class=\"has-text-align-left has-medium-font-size\">IMPROVE YOUR PRODUCTIVITY<\/p>\n\n\n\n<p class=\"has-text-align-left\">69% of employees say they would be more engaged in their work if they were both better recognized<\/p>\n<\/div><\/div>\n\n\n\n<p style=\"font-size:28px\">Why SpinetiX?<\/p>\n\n\n\n<p>Choosing SpinetiX and relying on their solutions to serve our customers was an easy decision for us. Thousands of customers around the world trust the reliability, durability and flexibility of SpinetiX technology.<br>A pioneer in the field of digital signage for over a decade, SpinetiX is an award-winning Swiss company, which offers a complete digital signage solution, designed to meet all uses, from simple screens to kiosks. interactive or even multi-screen video walls.<\/p>\n\n\n\n<div style=\"height:40px\" aria-hidden=\"true\" class=\"wp-block-spacer\"><\/div>\n\n\n\n<p style=\"font-size:28px\">Increase the value of your communication, thanks to dynamic display.<\/p>\n\n\n\n<p>Technology, in the face of&nbsp;<strong>dynamic digital content<\/strong>, improves personalized consumer experiences. Whether you&#039;re in a supermarket, a car dealership or on a cruise ship, automated on-screen content, controlled by sensors or data feeds, improves the touch point with your customers.<\/p>\n\n\n\n<div style=\"height:40px\" aria-hidden=\"true\" class=\"wp-block-spacer\"><\/div>\n\n\n\n<p style=\"font-size:28px\">Dynamic signage improves your productivity and that of your team.<\/p>\n\n\n\n<p>Managing information overload in the modern workplace and eliminating counterproductive practices such as email misuse, highlighted&nbsp;<strong>dynamic display<\/strong>&nbsp;as&nbsp;<strong>relevant internal communication tool<\/strong>. Additionally, because of the decentralization of modern workplaces, it is becoming increasingly important to make internal communication more accessible to remote teams.<\/p>\n\n\n\n<p>Digital signage has the power and adaptability to provide a valuable line of communication that unites teams in dispersed workplaces. It seamlessly and securely connects the tools your employees use every day, such as Excel spreadsheets and Outlook calendars, to display the most relevant information for your team&#039;s success in real time.<\/p>\n\n\n\n<div style=\"height:40px\" aria-hidden=\"true\" class=\"wp-block-spacer\"><\/div>\n\n\n\n<p style=\"font-size:28px\">Dynamic signage for your business<\/p>\n\n\n\n<p>Whether small businesses, corporate offices, retail, government institutions or smart cities, digital signage works for just about any industry or organization, no matter its size.<\/p>\n\n\n\n<div style=\"height:40px\" aria-hidden=\"true\" class=\"wp-block-spacer\"><\/div>\n\n\n\n<p style=\"font-size:28px\">Solutions for small and medium businesses<\/p>\n\n\n\n<p>SpinetiX ARYA is a new cloud-based visual communications solution specifically aimed at small and medium-sized businesses. SpinetiX ARYA was designed to stand out from the crowd and create a difference with your customers. Make them become your best ambassadors. Create and display spectacular visual messages on your screen in just minutes with your photos, videos, logo and color coding.<\/p>\n\n\n\n<p>With SpinetiX ARYA, you have all the tools to get started. Upload your media from your devices, use unlimited screens, place unique content on each, and access live online support. <\/p>\n\n\n<div class=\"wp-block-image\">\n<figure class=\"aligncenter size-large\"><img loading=\"lazy\" decoding=\"async\" width=\"1024\" height=\"576\" src=\"https:\/\/bula-v2024.provisoire.ch\/wp-content\/uploads\/2023\/12\/ARYA-window_shop_scenario-1024x576.jpg\" alt=\"\" class=\"wp-image-5556\" srcset=\"https:\/\/bula-v2024.provisoire.ch\/wp-content\/uploads\/2023\/12\/ARYA-window_shop_scenario-1024x576.jpg 1024w, https:\/\/bula-v2024.provisoire.ch\/wp-content\/uploads\/2023\/12\/ARYA-window_shop_scenario-300x169.jpg 300w, https:\/\/bula-v2024.provisoire.ch\/wp-content\/uploads\/2023\/12\/ARYA-window_shop_scenario-768x432.jpg 768w, https:\/\/bula-v2024.provisoire.ch\/wp-content\/uploads\/2023\/12\/ARYA-window_shop_scenario-1536x864.jpg 1536w, https:\/\/bula-v2024.provisoire.ch\/wp-content\/uploads\/2023\/12\/ARYA-window_shop_scenario-18x10.jpg 18w, https:\/\/bula-v2024.provisoire.ch\/wp-content\/uploads\/2023\/12\/ARYA-window_shop_scenario.jpg 1920w\" sizes=\"(max-width: 1024px) 100vw, 1024px\" \/><\/figure><\/div>\n\n\n<div style=\"height:100px\" aria-hidden=\"true\" class=\"wp-block-spacer\"><\/div>","protected":false},"excerpt":{"rendered":"<p>Qu\u2019est-ce que l\u2019affichage dynamique ? L\u2019affichage dynamique est un nouveau canal de communication permettant d&rsquo;afficher de mani\u00e8re dynamique des contenus \u00e0 l&rsquo;\u00e9cran tels que des images, des vid\u00e9os, des donn\u00e9es, etc.L\u2019affichage dynamique est partout. Que ce soit en empruntant la route, en rentrant dans un restaurant ou une banque, en [&hellip;]<\/p>\n","protected":false},"author":5,"featured_media":0,"parent":4644,"menu_order":0,"comment_status":"closed","ping_status":"closed","template":"","meta":{"_acf_changed":false,"_themeisle_gutenberg_block_has_review":false,"footnotes":""},"class_list":["post-5489","page","type-page","status-publish","hentry"],"acf":[],"_links":{"self":[{"href":"https:\/\/bula-v2024.provisoire.ch\/en\/wp-json\/wp\/v2\/pages\/5489"}],"collection":[{"href":"https:\/\/bula-v2024.provisoire.ch\/en\/wp-json\/wp\/v2\/pages"}],"about":[{"href":"https:\/\/bula-v2024.provisoire.ch\/en\/wp-json\/wp\/v2\/types\/page"}],"author":[{"embeddable":true,"href":"https:\/\/bula-v2024.provisoire.ch\/en\/wp-json\/wp\/v2\/users\/5"}],"replies":[{"embeddable":true,"href":"https:\/\/bula-v2024.provisoire.ch\/en\/wp-json\/wp\/v2\/comments?post=5489"}],"version-history":[{"count":61,"href":"https:\/\/bula-v2024.provisoire.ch\/en\/wp-json\/wp\/v2\/pages\/5489\/revisions"}],"predecessor-version":[{"id":5586,"href":"https:\/\/bula-v2024.provisoire.ch\/en\/wp-json\/wp\/v2\/pages\/5489\/revisions\/5586"}],"up":[{"embeddable":true,"href":"https:\/\/bula-v2024.provisoire.ch\/en\/wp-json\/wp\/v2\/pages\/4644"}],"wp:attachment":[{"href":"https:\/\/bula-v2024.provisoire.ch\/en\/wp-json\/wp\/v2\/media?parent=5489"}],"curies":[{"name":"wp","href":"https:\/\/api.w.org\/{rel}","templated":true}]}}